{"id":17863,"date":"2024-03-15T14:42:07","date_gmt":"2024-03-15T11:42:07","guid":{"rendered":"https:\/\/cemozluk.com\/genitale-aesthetik\/"},"modified":"2024-03-16T11:32:10","modified_gmt":"2024-03-16T08:32:10","slug":"genitale-aesthetik","status":"publish","type":"page","link":"https:\/\/www.cemozluk.com\/de\/genitale-aesthetik\/","title":{"rendered":"Genitale \u00c4sthetik"},"content":{"rendered":"\t\t<div data-elementor-type=\"wp-page\" data-elementor-id=\"17863\" class=\"elementor elementor-17863 elementor-17150\" data-elementor-post-type=\"page\">\n\t\t\t\t<div class=\"elementor-element elementor-element-561a443 e-flex e-con-boxed wpr-particle-no wpr-jarallax-no wpr-parallax-no wpr-sticky-section-no wpr-equal-height-no e-con e-parent\" data-id=\"561a443\" data-element_type=\"container\" data-settings=\"{&quot;background_background&quot;:&quot;classic&quot;}\">\n\t\t\t\t\t<div class=\"e-con-inner\">\n\t\t\t\t\t<\/div>\n\t\t\t\t<\/div>\n\t\t<div class=\"elementor-element elementor-element-ef9391d e-flex e-con-boxed wpr-particle-no wpr-jarallax-no wpr-parallax-no wpr-sticky-section-no wpr-equal-height-no e-con e-parent\" data-id=\"ef9391d\" data-element_type=\"container\">\n\t\t\t\t\t<div class=\"e-con-inner\">\n\t\t<div class=\"elementor-element elementor-element-a1f35a1 e-con-full e-flex wpr-particle-no wpr-jarallax-no wpr-parallax-no wpr-sticky-section-no wpr-equal-height-no e-con e-child\" data-id=\"a1f35a1\" data-element_type=\"container\">\n\t\t\t\t<div class=\"elementor-element elementor-element-1fd0d5e elementor-cta--tablet-layout-image-above elementor-cta--mobile-layout-image-above elementor-cta--valign-middle elementor-cta--skin-classic elementor-animated-content elementor-widget elementor-widget-call-to-action\" data-id=\"1fd0d5e\" data-element_type=\"widget\" data-widget_type=\"call-to-action.default\">\n\t\t\t\t<div class=\"elementor-widget-container\">\n\t\t\t\t\t<a class=\"elementor-cta\" href=\"https:\/\/www.cemozluk.com\/genital-estetik\/erkek-genital-estetik\/\">\n\t\t\t\t\t<div class=\"elementor-cta__bg-wrapper\">\n\t\t\t\t<div class=\"elementor-cta__bg elementor-bg\" style=\"background-image: url(https:\/\/www.cemozluk.com\/wp-content\/uploads\/2024\/03\/erkek-genital-estetik.webp);\" role=\"img\" aria-label=\"erkek genital estetik\"><\/div>\n\t\t\t\t<div class=\"elementor-cta__bg-overlay\"><\/div>\n\t\t\t<\/div>\n\t\t\t\t\t\t\t<div class=\"elementor-cta__content\">\n\t\t\t\t\n\t\t\t\t\t\t\t\t\t<h2 class=\"elementor-cta__title elementor-cta__content-item elementor-content-item\">\n\t\t\t\t\t\tM\u00e4nnliche Genital\u00e4sthetik\t\t\t\t\t<\/h2>\n\t\t\t\t\n\t\t\t\t\n\t\t\t\t\t\t\t<\/div>\n\t\t\t\t\t\t<\/a>\n\t\t\t\t<\/div>\n\t\t\t\t<\/div>\n\t\t\t\t<\/div>\n\t\t<div class=\"elementor-element elementor-element-0628189 e-con-full e-flex wpr-particle-no wpr-jarallax-no wpr-parallax-no wpr-sticky-section-no wpr-equal-height-no e-con e-child\" data-id=\"0628189\" data-element_type=\"container\">\n\t\t\t\t<div class=\"elementor-element elementor-element-d98d80a elementor-cta--tablet-layout-image-above elementor-cta--mobile-layout-image-above elementor-cta--valign-middle elementor-cta--skin-classic elementor-animated-content elementor-widget elementor-widget-call-to-action\" data-id=\"d98d80a\" data-element_type=\"widget\" data-widget_type=\"call-to-action.default\">\n\t\t\t\t<div class=\"elementor-widget-container\">\n\t\t\t\t\t<a class=\"elementor-cta\" href=\"https:\/\/www.cemozluk.com\/genital-estetik\/kadin-genital-estetik\/\">\n\t\t\t\t\t<div class=\"elementor-cta__bg-wrapper\">\n\t\t\t\t<div class=\"elementor-cta__bg elementor-bg\" style=\"background-image: url(https:\/\/www.cemozluk.com\/wp-content\/uploads\/2024\/03\/kadin-genital-estetik.webp);\" role=\"img\" aria-label=\"kadin genital estetik\"><\/div>\n\t\t\t\t<div class=\"elementor-cta__bg-overlay\"><\/div>\n\t\t\t<\/div>\n\t\t\t\t\t\t\t<div class=\"elementor-cta__content\">\n\t\t\t\t\n\t\t\t\t\t\t\t\t\t<h2 class=\"elementor-cta__title elementor-cta__content-item elementor-content-item\">\n\t\t\t\t\t\tWeibliche Genital\u00e4sthetik\t\t\t\t\t<\/h2>\n\t\t\t\t\n\t\t\t\t\n\t\t\t\t\t\t\t<\/div>\n\t\t\t\t\t\t<\/a>\n\t\t\t\t<\/div>\n\t\t\t\t<\/div>\n\t\t\t\t<\/div>\n\t\t\t\t\t<\/div>\n\t\t\t\t<\/div>\n\t\t\t\t<\/div>\n\t\t","protected":false},"excerpt":{"rendered":"<p>M\u00e4nnliche Genital\u00e4sthetik Weibliche Genital\u00e4sthetik<\/p>\n","protected":false},"author":1,"featured_media":0,"parent":0,"menu_order":0,"comment_status":"closed","ping_status":"closed","template":"elementor_header_footer","meta":{"footnotes":""},"class_list":["post-17863","page","type-page","status-publish","hentry"],"_links":{"self":[{"href":"https:\/\/www.cemozluk.com\/de\/wp-json\/wp\/v2\/pages\/17863","targetHints":{"allow":["GET"]}}],"collection":[{"href":"https:\/\/www.cemozluk.com\/de\/wp-json\/wp\/v2\/pages"}],"about":[{"href":"https:\/\/www.cemozluk.com\/de\/wp-json\/wp\/v2\/types\/page"}],"author":[{"embeddable":true,"href":"https:\/\/www.cemozluk.com\/de\/wp-json\/wp\/v2\/users\/1"}],"replies":[{"embeddable":true,"href":"https:\/\/www.cemozluk.com\/de\/wp-json\/wp\/v2\/comments?post=17863"}],"version-history":[{"count":0,"href":"https:\/\/www.cemozluk.com\/de\/wp-json\/wp\/v2\/pages\/17863\/revisions"}],"wp:attachment":[{"href":"https:\/\/www.cemozluk.com\/de\/wp-json\/wp\/v2\/media?parent=17863"}],"curies":[{"name":"wp","href":"https:\/\/api.w.org\/{rel}","templated":true}]}}