{"id":17909,"date":"2024-03-13T09:07:17","date_gmt":"2024-03-13T06:07:17","guid":{"rendered":"https:\/\/cemozluk.com\/ueber-mich\/"},"modified":"2024-11-04T11:30:26","modified_gmt":"2024-11-04T08:30:26","slug":"ueber-mich","status":"publish","type":"page","link":"https:\/\/www.cemozluk.com\/de\/ueber-mich\/","title":{"rendered":"\u00dcber mich"},"content":{"rendered":"\t\t<div data-elementor-type=\"wp-page\" data-elementor-id=\"17909\" class=\"elementor elementor-17909 elementor-17905\" data-elementor-post-type=\"page\">\n\t\t\t\t<div class=\"elementor-element elementor-element-43cc63f e-flex e-con-boxed wpr-particle-no wpr-jarallax-no wpr-parallax-no wpr-sticky-section-no e-con e-parent\" data-id=\"43cc63f\" data-element_type=\"container\" data-e-type=\"container\" data-settings=\"{&quot;background_background&quot;:&quot;classic&quot;}\">\n\t\t\t\t\t<div class=\"e-con-inner\">\n\t\t\t\t<div class=\"elementor-element elementor-element-d36e420 elementor-widget elementor-widget-heading\" data-id=\"d36e420\" data-element_type=\"widget\" data-e-type=\"widget\" data-widget_type=\"heading.default\">\n\t\t\t\t<div class=\"elementor-widget-container\">\n\t\t\t\t\t<h1 class=\"elementor-heading-title elementor-size-default\">Kuss. Dr. \u00dcber Cem \u00d6zl\u00fck<\/h1>\t\t\t\t<\/div>\n\t\t\t\t<\/div>\n\t\t\t\t\t<\/div>\n\t\t\t\t<\/div>\n\t\t<div class=\"elementor-element elementor-element-4ec34bb e-flex e-con-boxed wpr-particle-no wpr-jarallax-no wpr-parallax-no wpr-sticky-section-no e-con e-parent\" data-id=\"4ec34bb\" data-element_type=\"container\" data-e-type=\"container\">\n\t\t\t\t\t<div class=\"e-con-inner\">\n\t\t<div class=\"elementor-element elementor-element-d0c6e94 e-con-full e-flex wpr-particle-no wpr-jarallax-no wpr-parallax-no wpr-sticky-section-no e-con e-child\" data-id=\"d0c6e94\" data-element_type=\"container\" data-e-type=\"container\">\n\t\t\t\t<div class=\"elementor-element elementor-element-872a869 elementor-widget elementor-widget-image\" data-id=\"872a869\" data-element_type=\"widget\" data-e-type=\"widget\" data-widget_type=\"image.default\">\n\t\t\t\t<div class=\"elementor-widget-container\">\n\t\t\t\t\t\t\t\t\t\t\t\t\t\t\t<img fetchpriority=\"high\" decoding=\"async\" width=\"550\" height=\"367\" src=\"https:\/\/www.cemozluk.com\/wp-content\/uploads\/2024\/03\/Beyaz-Op.-Dr.-Cem-Ozluk.webp\" class=\"attachment-full size-full wp-image-575\" alt=\"\" srcset=\"https:\/\/www.cemozluk.com\/wp-content\/uploads\/2024\/03\/Beyaz-Op.-Dr.-Cem-Ozluk.webp 550w, https:\/\/www.cemozluk.com\/wp-content\/uploads\/2024\/03\/Beyaz-Op.-Dr.-Cem-Ozluk-300x200.webp 300w\" sizes=\"(max-width: 550px) 100vw, 550px\" \/>\t\t\t\t\t\t\t\t\t\t\t\t\t\t\t<\/div>\n\t\t\t\t<\/div>\n\t\t\t\t<\/div>\n\t\t<div class=\"elementor-element elementor-element-be26024 e-con-full e-flex wpr-particle-no wpr-jarallax-no wpr-parallax-no wpr-sticky-section-no e-con e-child\" data-id=\"be26024\" data-element_type=\"container\" data-e-type=\"container\">\n\t\t\t\t<div class=\"elementor-element elementor-element-7e08ba9 elementor-widget elementor-widget-heading\" data-id=\"7e08ba9\" data-element_type=\"widget\" data-e-type=\"widget\" data-widget_type=\"heading.default\">\n\t\t\t\t<div class=\"elementor-widget-container\">\n\t\t\t\t\t<h2 class=\"elementor-heading-title elementor-size-default\">Bildung und Fachwissen<\/h2>\t\t\t\t<\/div>\n\t\t\t\t<\/div>\n\t\t\t\t<div class=\"elementor-element elementor-element-465f63f elementor-widget elementor-widget-text-editor\" data-id=\"465f63f\" data-element_type=\"widget\" data-e-type=\"widget\" data-widget_type=\"text-editor.default\">\n\t\t\t\t<div class=\"elementor-widget-container\">\n\t\t\t\t\t\t\t\t\t<p>Ich begann meine medizinische Karriere im Jahr 2006 mit meinem Abschluss an der medizinischen Fakult\u00e4t der Erciyes-Universit\u00e4t. Sp\u00e4ter, im Jahr 2012, schloss ich meine Urologieausbildung an der Gazi-Universit\u00e4t ab und wurde Urologe.<\/p>\n\t\t\t\t\t\t\t\t<\/div>\n\t\t\t\t<\/div>\n\t\t\t\t<div class=\"elementor-element elementor-element-8f06876 elementor-widget elementor-widget-heading\" data-id=\"8f06876\" data-element_type=\"widget\" data-e-type=\"widget\" data-widget_type=\"heading.default\">\n\t\t\t\t<div class=\"elementor-widget-container\">\n\t\t\t\t\t<h2 class=\"elementor-heading-title elementor-size-default\">Pflichtleistungen und Leistungen<\/h2>\t\t\t\t<\/div>\n\t\t\t\t<\/div>\n\t\t\t\t<div class=\"elementor-element elementor-element-92a87ad elementor-widget elementor-widget-text-editor\" data-id=\"92a87ad\" data-element_type=\"widget\" data-e-type=\"widget\" data-widget_type=\"text-editor.default\">\n\t\t\t\t<div class=\"elementor-widget-container\">\n\t\t\t\t\t\t\t\t\t<p>W\u00e4hrend meines Milit\u00e4rdienstes habe ich in \u015e\u0131rnak mehr als 1500 chirurgische Eingriffe durchgef\u00fchrt und ein Distinguished Service Certificate erhalten. W\u00e4hrend dieser Zeit sammelte ich bedeutende Erfahrungen durch die Durchf\u00fchrung einer laparoskopischen Nephrektomie (Entfernung einer krebsartigen oder besch\u00e4digten Niere durch Laparoskopie) bei vier verschiedenen Patienten.<\/p>\n\t\t\t\t\t\t\t\t<\/div>\n\t\t\t\t<\/div>\n\t\t\t\t<\/div>\n\t\t\t\t\t<\/div>\n\t\t\t\t<\/div>\n\t\t<div class=\"elementor-element elementor-element-ba4cac9 e-flex e-con-boxed wpr-particle-no wpr-jarallax-no wpr-parallax-no wpr-sticky-section-no e-con e-parent\" data-id=\"ba4cac9\" data-element_type=\"container\" data-e-type=\"container\" data-settings=\"{&quot;background_background&quot;:&quot;classic&quot;}\">\n\t\t\t\t\t<div class=\"e-con-inner\">\n\t\t<div class=\"elementor-element elementor-element-bb6c6ef e-con-full e-flex wpr-particle-no wpr-jarallax-no wpr-parallax-no wpr-sticky-section-no e-con e-child\" data-id=\"bb6c6ef\" data-element_type=\"container\" data-e-type=\"container\">\n\t\t\t\t<div class=\"elementor-element elementor-element-41fea44 elementor-widget elementor-widget-heading\" data-id=\"41fea44\" data-element_type=\"widget\" data-e-type=\"widget\" data-widget_type=\"heading.default\">\n\t\t\t\t<div class=\"elementor-widget-container\">\n\t\t\t\t\t<h2 class=\"elementor-heading-title elementor-size-default\">Internationale Bildung<\/h2>\t\t\t\t<\/div>\n\t\t\t\t<\/div>\n\t\t\t\t<div class=\"elementor-element elementor-element-dc7fd44 elementor-widget elementor-widget-text-editor\" data-id=\"dc7fd44\" data-element_type=\"widget\" data-e-type=\"widget\" data-widget_type=\"text-editor.default\">\n\t\t\t\t<div class=\"elementor-widget-container\">\n\t\t\t\t\t\t\t\t\t<p>Ich habe in den USA und Italien eine Ausbildung in Penoplastik (Penischirurgie) und Vaginoplastik (Vaginalchirurgie) erhalten. Durch die Teilnahme an mehr als 200 plastischen Operationen im Ausland hatte ich die M\u00f6glichkeit, die neuesten Techniken zu erlernen und anzuwenden. Mit diesen Erfahrungen erziele ich bei der Durchf\u00fchrung von Vaginoplastiken und Perinoplastiken zufriedenstellende Ergebnisse.<\/p>\n\t\t\t\t\t\t\t\t<\/div>\n\t\t\t\t<\/div>\n\t\t\t\t<div class=\"elementor-element elementor-element-725601d elementor-widget elementor-widget-heading\" data-id=\"725601d\" data-element_type=\"widget\" data-e-type=\"widget\" data-widget_type=\"heading.default\">\n\t\t\t\t<div class=\"elementor-widget-container\">\n\t\t\t\t\t<h2 class=\"elementor-heading-title elementor-size-default\">Behandlungsans\u00e4tze<\/h2>\t\t\t\t<\/div>\n\t\t\t\t<\/div>\n\t\t\t\t<div class=\"elementor-element elementor-element-f82178a elementor-widget elementor-widget-text-editor\" data-id=\"f82178a\" data-element_type=\"widget\" data-e-type=\"widget\" data-widget_type=\"text-editor.default\">\n\t\t\t\t<div class=\"elementor-widget-container\">\n\t\t\t\t\t\t\t\t\t<p>Ich wende Behandlungen nach den neuesten Entwicklungen an und konzentriere mich auf Unfruchtbarkeit, Andrologie, Prostata und Krampfadern. Mit meinen Zertifikaten f\u00fcr Roboterchirurgie und laparoskopische Chirurgie wende ich die effektivsten Techniken bei Krebspatienten und Steinchirurgie an.<\/p>\n\t\t\t\t\t\t\t\t<\/div>\n\t\t\t\t<\/div>\n\t\t\t\t<\/div>\n\t\t<div class=\"elementor-element elementor-element-1f0b387 e-con-full e-flex wpr-particle-no wpr-jarallax-no wpr-parallax-no wpr-sticky-section-no e-con e-child\" data-id=\"1f0b387\" data-element_type=\"container\" data-e-type=\"container\">\n\t\t\t\t<div class=\"elementor-element elementor-element-de0ee2f elementor-widget elementor-widget-image\" data-id=\"de0ee2f\" data-element_type=\"widget\" data-e-type=\"widget\" data-widget_type=\"image.default\">\n\t\t\t\t<div class=\"elementor-widget-container\">\n\t\t\t\t\t\t\t\t\t\t\t\t\t\t\t<img decoding=\"async\" width=\"550\" height=\"367\" src=\"https:\/\/www.cemozluk.com\/wp-content\/uploads\/2024\/03\/Op.-Dr.-Cem-Ozluk-Ameliyat-2.webp\" class=\"attachment-full size-full wp-image-574\" alt=\"Penis Kal\u0131nla\u015ft\u0131rma Ameliyat\u0131 Olanlar\" srcset=\"https:\/\/www.cemozluk.com\/wp-content\/uploads\/2024\/03\/Op.-Dr.-Cem-Ozluk-Ameliyat-2.webp 550w, https:\/\/www.cemozluk.com\/wp-content\/uploads\/2024\/03\/Op.-Dr.-Cem-Ozluk-Ameliyat-2-300x200.webp 300w\" sizes=\"(max-width: 550px) 100vw, 550px\" \/>\t\t\t\t\t\t\t\t\t\t\t\t\t\t\t<\/div>\n\t\t\t\t<\/div>\n\t\t\t\t<\/div>\n\t\t\t\t\t<\/div>\n\t\t\t\t<\/div>\n\t\t<div class=\"elementor-element elementor-element-df989d7 e-flex e-con-boxed wpr-particle-no wpr-jarallax-no wpr-parallax-no wpr-sticky-section-no e-con e-parent\" data-id=\"df989d7\" data-element_type=\"container\" data-e-type=\"container\">\n\t\t\t\t\t<div class=\"e-con-inner\">\n\t\t<div class=\"elementor-element elementor-element-10d6afb e-con-full e-flex wpr-particle-no wpr-jarallax-no wpr-parallax-no wpr-sticky-section-no e-con e-child\" data-id=\"10d6afb\" data-element_type=\"container\" data-e-type=\"container\">\n\t\t\t\t<div class=\"elementor-element elementor-element-06056a9 elementor-widget elementor-widget-image\" data-id=\"06056a9\" data-element_type=\"widget\" data-e-type=\"widget\" data-widget_type=\"image.default\">\n\t\t\t\t<div class=\"elementor-widget-container\">\n\t\t\t\t\t\t\t\t\t\t\t\t\t\t\t<img decoding=\"async\" width=\"360\" height=\"240\" src=\"https:\/\/www.cemozluk.com\/wp-content\/uploads\/2024\/10\/74649eed-e818-472e-ac1a-7a3b2bd67a69.png\" class=\"attachment-full size-full wp-image-23139\" alt=\"\" \/>\t\t\t\t\t\t\t\t\t\t\t\t\t\t\t<\/div>\n\t\t\t\t<\/div>\n\t\t\t\t<\/div>\n\t\t<div class=\"elementor-element elementor-element-2270236 e-con-full e-flex wpr-particle-no wpr-jarallax-no wpr-parallax-no wpr-sticky-section-no e-con e-child\" data-id=\"2270236\" data-element_type=\"container\" data-e-type=\"container\">\n\t\t\t\t<div class=\"elementor-element elementor-element-ca7cf6d elementor-widget elementor-widget-heading\" data-id=\"ca7cf6d\" data-element_type=\"widget\" data-e-type=\"widget\" data-widget_type=\"heading.default\">\n\t\t\t\t<div class=\"elementor-widget-container\">\n\t\t\t\t\t<h2 class=\"elementor-heading-title elementor-size-default\">Sexuelle Gesundheit und Therapie<\/h2>\t\t\t\t<\/div>\n\t\t\t\t<\/div>\n\t\t\t\t<div class=\"elementor-element elementor-element-7c911f2 elementor-widget elementor-widget-text-editor\" data-id=\"7c911f2\" data-element_type=\"widget\" data-e-type=\"widget\" data-widget_type=\"text-editor.default\">\n\t\t\t\t<div class=\"elementor-widget-container\">\n\t\t\t\t\t\t\t\t\t<p>Ich bin auf sexuelle Funktionsst\u00f6rungen spezialisiert und arbeite in diesem Bereich auf nationalen und internationalen Plattformen. Bei der Behandlung wenden wir erfolgreich Sexualtherapie und chirurgische Eingriffe an.<\/p>\n\t\t\t\t\t\t\t\t<\/div>\n\t\t\t\t<\/div>\n\t\t\t\t<div class=\"elementor-element elementor-element-4e1889f elementor-widget elementor-widget-heading\" data-id=\"4e1889f\" data-element_type=\"widget\" data-e-type=\"widget\" data-widget_type=\"heading.default\">\n\t\t\t\t<div class=\"elementor-widget-container\">\n\t\t\t\t\t<h2 class=\"elementor-heading-title elementor-size-default\">Mitgliedschaften und Beteiligungen<\/h2>\t\t\t\t<\/div>\n\t\t\t\t<\/div>\n\t\t\t\t<div class=\"elementor-element elementor-element-7ba2b89 elementor-widget elementor-widget-text-editor\" data-id=\"7ba2b89\" data-element_type=\"widget\" data-e-type=\"widget\" data-widget_type=\"text-editor.default\">\n\t\t\t\t<div class=\"elementor-widget-container\">\n\t\t\t\t\t\t\t\t\t<p>Ich habe aktive Mitgliedschaften in Verb\u00e4nden wie ESSM (European Society for Sexual Medicine), EFS (European Federation of Sexology), IAP (International Academy of Penoplasty), TAD (Turkish Andrology Association) und C\u0130SED (Sexual Health Institute Association).<\/p>\n\t\t\t\t\t\t\t\t<\/div>\n\t\t\t\t<\/div>\n\t\t\t\t<\/div>\n\t\t\t\t\t<\/div>\n\t\t\t\t<\/div>\n\t\t\t\t<\/div>\n\t\t","protected":false},"excerpt":{"rendered":"<p>Kuss. Dr. \u00dcber Cem \u00d6zl\u00fck Bildung und Fachwissen Ich begann meine medizinische Karriere im Jahr 2006 mit meinem Abschluss an der medizinischen Fakult\u00e4t der Erciyes-Universit\u00e4t. Sp\u00e4ter, im Jahr 2012, schloss ich meine Urologieausbildung an der Gazi-Universit\u00e4t ab und wurde Urologe. Pflichtleistungen und Leistungen W\u00e4hrend meines Milit\u00e4rdienstes habe ich in \u015e\u0131rnak mehr als 1500 chirurgische Eingriffe durchgef\u00fchrt und ein Distinguished Service Certificate erhalten. W\u00e4hrend dieser Zeit sammelte ich bedeutende Erfahrungen durch die Durchf\u00fchrung einer laparoskopischen Nephrektomie (Entfernung einer krebsartigen oder besch\u00e4digten Niere durch Laparoskopie) bei vier verschiedenen Patienten. Internationale Bildung Ich habe in den USA und Italien eine Ausbildung in Penoplastik (Penischirurgie) und Vaginoplastik (Vaginalchirurgie) erhalten. Durch die Teilnahme an mehr als 200 plastischen Operationen im Ausland hatte ich die M\u00f6glichkeit, die neuesten Techniken zu erlernen und anzuwenden. Mit diesen Erfahrungen erziele ich bei der Durchf\u00fchrung von Vaginoplastiken und Perinoplastiken zufriedenstellende Ergebnisse. Behandlungsans\u00e4tze Ich wende Behandlungen nach den neuesten Entwicklungen an und konzentriere mich auf Unfruchtbarkeit, Andrologie, Prostata und Krampfadern. Mit meinen Zertifikaten f\u00fcr Roboterchirurgie und laparoskopische Chirurgie wende ich die effektivsten Techniken bei Krebspatienten und Steinchirurgie an. Sexuelle Gesundheit und Therapie Ich bin auf sexuelle Funktionsst\u00f6rungen spezialisiert und arbeite in diesem Bereich auf nationalen und internationalen Plattformen. Bei der Behandlung wenden wir erfolgreich Sexualtherapie und chirurgische Eingriffe an. Mitgliedschaften und Beteiligungen Ich habe aktive Mitgliedschaften in Verb\u00e4nden wie ESSM (European Society for Sexual Medicine), EFS (European Federation of Sexology), IAP (International Academy of Penoplasty), TAD (Turkish Andrology Association) und C\u0130SED (Sexual Health Institute Association).<\/p>\n","protected":false},"author":1,"featured_media":0,"parent":0,"menu_order":0,"comment_status":"closed","ping_status":"closed","template":"elementor_header_footer","meta":{"footnotes":""},"class_list":["post-17909","page","type-page","status-publish","hentry"],"_links":{"self":[{"href":"https:\/\/www.cemozluk.com\/de\/wp-json\/wp\/v2\/pages\/17909","targetHints":{"allow":["GET"]}}],"collection":[{"href":"https:\/\/www.cemozluk.com\/de\/wp-json\/wp\/v2\/pages"}],"about":[{"href":"https:\/\/www.cemozluk.com\/de\/wp-json\/wp\/v2\/types\/page"}],"author":[{"embeddable":true,"href":"https:\/\/www.cemozluk.com\/de\/wp-json\/wp\/v2\/users\/1"}],"replies":[{"embeddable":true,"href":"https:\/\/www.cemozluk.com\/de\/wp-json\/wp\/v2\/comments?post=17909"}],"version-history":[{"count":0,"href":"https:\/\/www.cemozluk.com\/de\/wp-json\/wp\/v2\/pages\/17909\/revisions"}],"wp:attachment":[{"href":"https:\/\/www.cemozluk.com\/de\/wp-json\/wp\/v2\/media?parent=17909"}],"curies":[{"name":"wp","href":"https:\/\/api.w.org\/{rel}","templated":true}]}}