{"id":18421,"date":"2022-11-01T13:21:17","date_gmt":"2022-11-01T10:21:17","guid":{"rendered":"https:\/\/cemozluk.com\/penisvergroesserung\/"},"modified":"2024-10-21T16:30:55","modified_gmt":"2024-10-21T13:30:55","slug":"penisvergroesserung","status":"publish","type":"page","link":"https:\/\/www.cemozluk.com\/de\/penisvergroesserung\/","title":{"rendered":"Penisvergr\u00f6\u00dferung"},"content":{"rendered":"\n<p>Wenn es um die <strong><a href=\"https:\/\/cemozluk.com\/penis-buyutme\/\" target=\"_blank\" rel=\"noopener\">Penisvergr\u00f6\u00dferung<\/a><\/strong> geht, stehen uns heutzutage verschiedene alternative M\u00f6glichkeiten zur Verf\u00fcgung. Die wissenschaftlich am besten bew\u00e4hrte Methode in dieser Hinsicht sind jedoch chirurgische Techniken. Insbesondere durch die j\u00fcngsten Entwicklungen im Bereich der Gesundheitstechnologien ist es m\u00f6glich geworden, Penisvergr\u00f6\u00dferungsoperationen viel erfolgreicher durchzuf\u00fchren<strong>.<\/strong><\/p>\n\n\n\n<p>Eines der h\u00e4ufigsten Probleme, mit denen M\u00e4nner heute konfrontiert sind, ist der kurze Penis. Der nat\u00fcrliche <strong>Penisvergr\u00f6\u00dferungsprozess<\/strong> erregt heute gro\u00dfe Aufmerksamkeit. Das Problem eines kurzen Penis ist ein physiologisches Ph\u00e4nomen, das bei M\u00e4nnern aufgrund vieler Faktoren entsteht. Die Lebensqualit\u00e4t von M\u00e4nnern, die unter einem kurzen Penis leiden, nimmt erheblich ab. Der Hauptgrund f\u00fcr diese R\u00fcckg\u00e4nge ist nat\u00fcrlich die Verschlechterung der Qualit\u00e4t des Sexuallebens.<\/p>\n\n\n\n<p>Menschen, deren sexuelle Lebensqualit\u00e4t abnimmt, k\u00f6nnen ernsthafte Probleme mit ihren Partnern haben<strong>.<\/strong> Heutzutage wird eine nat\u00fcrliche Penisvergr\u00f6\u00dferung mit Hilfe von Cremes und Gels erreicht. Organische Gele sind in dieser Hinsicht sehr n\u00fctzlich. Gleichzeitig haben heute auch Kondome zur Penisvergr\u00f6\u00dferung ihren Platz auf dem Markt erobert. Es ist jedoch auch Bestandteil chirurgischer Methoden zur Penisvergr\u00f6\u00dferung.<\/p>\n\n\n\n<figure class=\"wp-block-image aligncenter wp-image-14595 size-full\"><img fetchpriority=\"high\" decoding=\"async\" width=\"480\" height=\"282\" src=\"https:\/\/cemozluk.com\/wp-content\/uploads\/2022\/01\/i-97.webp\" alt=\"So vergr\u00f6\u00dfern Sie den Penis im Jahr 2022 auf nat\u00fcrliche Weise\" class=\"wp-image-14595\" srcset=\"https:\/\/www.cemozluk.com\/wp-content\/uploads\/2022\/01\/i-97.webp 480w, https:\/\/www.cemozluk.com\/wp-content\/uploads\/2022\/01\/i-97-300x176.webp 300w\" sizes=\"(max-width: 480px) 100vw, 480px\" \/><\/figure>\n\n\n\n<h2 class=\"wp-block-heading\"><strong>Wie kann man den Penis auf nat\u00fcrliche Weise vergr\u00f6\u00dfern?<\/strong><\/h2>\n\n\n\n<p>Eine nat\u00fcrliche Penisvergr\u00f6\u00dferung ist ein sehr h\u00e4ufiger Eingriff<strong>.<\/strong> Menschen bevorzugen im Allgemeinen eine nat\u00fcrliche Penisvergr\u00f6\u00dferung, wenn ihre Penisgr\u00f6\u00dfe unter der idealen Gr\u00f6\u00dfe liegt. Heutzutage liegen die idealen Penisgr\u00f6\u00dfen zwischen 12 cm und 15 cm. Ein erigierter Penis sollte nicht kleiner als 12 cm sein<strong>.<\/strong> Andernfalls entwickeln die Menschen das Problem eines kurzen Penis. Denn auch M\u00e4nner mit einem kurzen Penisproblem haben Probleme mit der vorzeitigen Ejakulation.<\/p>\n\n\n\n<p>Gleichzeitig wird es f\u00fcr sie sehr schwierig, eine Erektion zu bekommen. Bei der Verwendung von Kondomen nach der Erektion treten schwerwiegende Probleme auf. Bei der Verwendung von Kondomen k\u00f6nnen Probleme auftreten<strong>.<\/strong> Die Wahl einer wirksamen Operationstechnik zur Penisverl\u00e4ngerung erm\u00f6glicht es, solche Probleme in kurzer Zeit zu beseitigen.<\/p>\n\n\n\n<h2 class=\"wp-block-heading\"><strong>Penisvergr\u00f6\u00dferungsprozess auf nat\u00fcrliche Weise<\/strong><\/h2>\n\n\n\n<p>Heutzutage ist die Penisvergr\u00f6\u00dferung als ein Verfahren bekannt, das auf sehr einfache Weise durchgef\u00fchrt werden kann<strong>.<\/strong> Die Erfolgsquote von Eingriffen zur Penisvergr\u00f6\u00dferung mit Hilfe von Cremes und Gels liegt unter 50 %. Aus diesem Grund bieten Cremes und Gele keine endg\u00fcltige L\u00f6sung. In diesem Zusammenhang kommt eine pr\u00e4zisere Methode ins Spiel. Eine dieser Methoden ist die sogenannte Penisvergr\u00f6\u00dferungsoperation. Mit einer Penisvergr\u00f6\u00dferungsoperation kann der Penis eines Menschen um mindestens 3 cm und maximal 5 cm vergr\u00f6\u00dfert werden.<\/p>\n\n\n\n<p>W\u00e4hrend der Operation erhalten die Patienten eine Vollnarkose. Dadurch sp\u00fcrt die Person w\u00e4hrend der Operation nichts und der Eingriff ist innerhalb von 1 bis 3 Stunden abgeschlossen. Nach einer Penisvergr\u00f6\u00dferungsoperation werden Personen einen Tag lang in Krankenh\u00e4usern beobachtet. Am n\u00e4chsten Tag werden die Menschen entlassen und nach Hause geschickt. Angesichts all dieser Informationen k\u00f6nnen wir \u00fcber verschiedene Optionen f\u00fcr eine nat\u00fcrliche Penisvergr\u00f6\u00dferung sprechen<strong>.<\/strong> Allerdings ist eine Operation die effektivste Methode f\u00fcr eine effektivere Penisvergr\u00f6\u00dferung.<\/p>\n\n\n\n<figure class=\"wp-block-image aligncenter\"><img decoding=\"async\" width=\"293\" height=\"320\" src=\"https:\/\/cemozluk.com\/wp-content\/uploads\/2019\/11\/i-92.webp\" alt=\"So vergr\u00f6\u00dfern Sie den Penis im Jahr 2022 auf nat\u00fcrliche Weise\" class=\"wp-image-14586\" srcset=\"https:\/\/www.cemozluk.com\/wp-content\/uploads\/2019\/11\/i-92.webp 293w, https:\/\/www.cemozluk.com\/wp-content\/uploads\/2019\/11\/i-92-275x300.webp 275w\" sizes=\"(max-width: 293px) 100vw, 293px\" \/><\/figure>\n\n\n\n<h2 class=\"wp-block-heading\">Penisvergr\u00f6\u00dferung auf nat\u00fcrliche Weise<\/h2>\n\n\n\n<p>Es gibt verschiedene M\u00f6glichkeiten, Ihren Penis auf nat\u00fcrliche Weise zu vergr\u00f6\u00dfern. Eine beliebte Methode sind \u00dcbungen zur Penisvergr\u00f6\u00dferung. Diese \u00dcbungen erh\u00f6hen die L\u00e4nge und den Umfang Ihres Penis, indem sie die Muskeln und das Gewebe um ihn herum st\u00e4rken.<\/p>\n\n\n\n<p>Eine weitere M\u00f6glichkeit, Ihren Penis auf nat\u00fcrliche Weise zu vergr\u00f6\u00dfern, ist die Verwendung von Penispumpen. Diese Ger\u00e4te erzeugen ein Vakuum um den Penis, wodurch dieser sich mit Blut f\u00fcllt und sich ausdehnt. Sie k\u00f6nnen Ihren Penis auch auf nat\u00fcrliche Weise vergr\u00f6\u00dfern, indem Sie Nahrungserg\u00e4nzungsmittel f\u00fcr M\u00e4nner verwenden. Diese Nahrungserg\u00e4nzungsmittel erh\u00f6hen die Durchblutung des Penis und f\u00f6rdern so das Wachstum.<\/p>\n\n\n\n<h2 class=\"wp-block-heading\">Operationen zur Penisvergr\u00f6\u00dferung<\/h2>\n\n\n\n<p>Viele M\u00e4nner f\u00fchlen sich hinsichtlich ihrer Penisgr\u00f6\u00dfe unsicher. Dies gilt insbesondere dann, wenn sie eher kleiner sind. Dies kann zu Gef\u00fchlen der Unzul\u00e4nglichkeit f\u00fchren und Probleme in Beziehungen verursachen. Manche M\u00e4nner f\u00fchlen sich m\u00f6glicherweise selbstbewusst genug, um sexuelle Begegnungen ganz zu vermeiden.<\/p>\n\n\n\n<p>Es gibt verschiedene M\u00f6glichkeiten, den Penis zu vergr\u00f6\u00dfern, aber die Operation ist eine der h\u00e4ufigsten Methoden. Manche M\u00e4nner entscheiden sich f\u00fcr eine Operation, weil sie eine sofortige Ver\u00e4nderung ihres Aussehens w\u00fcnschen. Andere denken vielleicht, dass eine Operation die einzige M\u00f6glichkeit ist, ihren Penis zu vergr\u00f6\u00dfern. Es gibt zwei Hauptarten der Operation: Penisverl\u00e4ngerung und -erweiterung oder Penisumfangsvergr\u00f6\u00dferung. Bei einer Verl\u00e4ngerungsoperation wird das Band durchtrennt, das den Penis mit dem Schambein verbindet.<\/p>\n\n\n\n<h2 class=\"wp-block-heading\"><strong>Wie lang sollte der Penis sein?<\/strong><\/h2>\n\n\n\n<p>Was sollte also die normale Penisl\u00e4nge sein<strong>?<\/strong> Die Penisgr\u00f6\u00dfe betr\u00e4gt bei der Geburt etwa 2 cm. W\u00e4hrend er bei M\u00e4nnern vor der Pubert\u00e4t eine L\u00e4nge von 6 cm erreicht, kann dieser Wert nach der Pubert\u00e4t durchschnittlich 10 cm und mehr erreichen. Insbesondere bei der Beurteilung der Penisgr\u00f6\u00dfe ist die Erektion ein wichtiger Faktor.<\/p>\n\n\n\n<p>Die Teile des Penis, der aus 4 separaten Teilen besteht, sind wie folgt:<\/p>\n\n\n\n<h4 class=\"wp-block-heading\">PENISKOPF<\/h4>\n\n\n\n<p>Dieser Teil ist der Spitzenbereich des Penis und die Eichel in diesem Bereich ist mit einem hellen Gewebe bedeckt. Bei der Beschneidung wird die Haut, die die Eichel bedeckt, operativ entfernt.<\/p>\n\n\n\n<h4 class=\"wp-block-heading\">CORPUS CAVERNOSUM<\/h4>\n\n\n\n<p>Dies ist die Bezeichnung f\u00fcr die beiden Gewebes\u00e4ulen, die sich entlang der R\u00e4nder des Penis erstrecken. W\u00e4hrend der Erektion f\u00fcllt sich dieser Teil mit Blut und der Penis w\u00e4chst.<\/p>\n\n\n\n<h4 class=\"wp-block-heading\">CORPUS SPONGIOSUM<\/h4>\n\n\n\n<p>Hierbei handelt es sich um eine schwammartige Gewebes\u00e4ule, die vor dem Penis verl\u00e4uft und in der Eichel endet. Diese Stelle f\u00fcllt sich w\u00e4hrend der Erektion mit Blut und h\u00e4lt die durchstr\u00f6menden Harnwege offen.<\/p>\n\n\n\n<h4 class=\"wp-block-heading\">HARNR\u00d6HRE<\/h4>\n\n\n\n<p>Es ist der Teil, an dem der Urin aus dem K\u00f6rper ausgeschieden wird.<\/p>\n\n\n\n<h2 class=\"wp-block-heading\"><strong>Was sind die Ursachen f\u00fcr einen kurzen Penis?<\/strong><\/h2>\n\n\n\n<p>Dar\u00fcber hinaus kann es Ursachen f\u00fcr einen kurzen Penis geben, die sich unabh\u00e4ngig von Faktoren entwickeln, die die Penisl\u00e4nge beeinflussen k\u00f6nnen<strong>.<\/strong> Diese sind wie folgt;<\/p>\n\n\n\n<h4 class=\"wp-block-heading\">HORMONUNREGELM\u00c4SSIGKEITEN<\/h4>\n\n\n\n<p>M\u00e4nnliche Hormone beeinflussen die Penisgr\u00f6\u00dfe. Dieses Hormon wird vom Gehirn und den Hoden ausgesch\u00fcttet und erf\u00fcllt viele sexuelle Funktionsanforderungen. Wenn gen\u00fcgend Hormone ausgesch\u00fcttet werden, wird auch die Penisgr\u00f6\u00dfe klein sein. F\u00fcr den Penis, der seine Entwicklung abgeschlossen hat, aber aufgrund eines Hormonmangels nur eine kurze L\u00e4nge aufweist, k\u00f6nnen Hormonpr\u00e4parate verabreicht werden.<\/p>\n\n\n\n<h4 class=\"wp-block-heading\">SCH\u00c4DEN AM PENISGEWEBE<\/h4>\n\n\n\n<p>Einige Operationen, wie beispielsweise eine Prostataoperation, f\u00fchren zu Sch\u00e4den am Penisgewebe und an den Nerven, sodass der Penis nicht die erforderliche Gr\u00f6\u00dfe erreichen kann.<\/p>\n\n\n\n<h4 class=\"wp-block-heading\">CHROMOSOMST\u00d6RUNGEN<\/h4>\n\n\n\n<p>Angeborene Chromosomenst\u00f6rungen f\u00fchren dazu, dass sich der Penis nicht ausreichend entwickelt.<\/p>\n\n\n\n<h4 class=\"wp-block-heading\">\u00dcBERGEWICHTIG SEIN<\/h4>\n\n\n\n<p>Bei M\u00e4nnern mit Fett am Bauch und in der Leistengegend ist die Penisl\u00e4nge k\u00fcrzer. Dies liegt daran, dass der Penisansatz innerhalb der Fettschicht in der Leiste verbleibt. Im Allgemeinen wirkt sich dieser Faktor nicht darauf aus, dass der Penis kurz ist, sondern dass er kurz aussieht. Denn wenn das Fettgewebe abnimmt, ist mit einer Vergr\u00f6\u00dferung der Penisl\u00e4nge um 1-2 cm zu rechnen.<\/p>\n\n\n\n<h4 class=\"wp-block-heading\">FALSCHE VERMESSUNG DES PENIS<\/h4>\n\n\n\n<p>Wenn die Penismessung nicht korrekt durchgef\u00fchrt wird, kann dies im Allgemeinen dazu f\u00fchren, dass der Penis k\u00fcrzer wahrgenommen wird, als er ist. Und gerade bei Penismessungen bei \u00fcbergewichtigen M\u00e4nnern kommt es h\u00e4ufiger zu fehlerhaften Ergebnissen. Um die gesamte L\u00e4nge des Penis zu sehen, ist ein Druck auf die Fettschicht im Bereich zwischen Penis und Leistengegend erforderlich. Hinsichtlich der anatomischen Gegebenheiten kann auch die Tatsache, dass der Penis kein hartes Gewebe wie Knochen enth\u00e4lt, zu ungenauen Messungen f\u00fchren.<\/p>\n\n\n\n<p>Zu meiner <a href=\"https:\/\/www.youtube.com\/@op.dr.cemozluk5132\" target=\"_blank\" rel=\"noreferrer noopener\">YouTube<\/a>-Seite gelangen Sie hier.<\/p>\n","protected":false},"excerpt":{"rendered":"<p>Wenn es um die Penisvergr\u00f6\u00dferung geht, stehen uns heutzutage verschiedene alternative M\u00f6glichkeiten zur Verf\u00fcgung.<\/p>\n","protected":false},"author":1,"featured_media":17582,"parent":0,"menu_order":0,"comment_status":"closed","ping_status":"closed","template":"","meta":{"footnotes":""},"class_list":["post-18421","page","type-page","status-publish","has-post-thumbnail","hentry"],"_links":{"self":[{"href":"https:\/\/www.cemozluk.com\/de\/wp-json\/wp\/v2\/pages\/18421","targetHints":{"allow":["GET"]}}],"collection":[{"href":"https:\/\/www.cemozluk.com\/de\/wp-json\/wp\/v2\/pages"}],"about":[{"href":"https:\/\/www.cemozluk.com\/de\/wp-json\/wp\/v2\/types\/page"}],"author":[{"embeddable":true,"href":"https:\/\/www.cemozluk.com\/de\/wp-json\/wp\/v2\/users\/1"}],"replies":[{"embeddable":true,"href":"https:\/\/www.cemozluk.com\/de\/wp-json\/wp\/v2\/comments?post=18421"}],"version-history":[{"count":0,"href":"https:\/\/www.cemozluk.com\/de\/wp-json\/wp\/v2\/pages\/18421\/revisions"}],"wp:featuredmedia":[{"embeddable":true,"href":"https:\/\/www.cemozluk.com\/de\/wp-json\/wp\/v2\/media\/17582"}],"wp:attachment":[{"href":"https:\/\/www.cemozluk.com\/de\/wp-json\/wp\/v2\/media?parent=18421"}],"curies":[{"name":"wp","href":"https:\/\/api.w.org\/{rel}","templated":true}]}}