{"id":18435,"date":"2022-07-05T13:00:35","date_gmt":"2022-07-05T10:00:35","guid":{"rendered":"https:\/\/cemozluk.com\/die-auswirkung-einer-vaginaloperation-auf-maenner\/"},"modified":"2024-10-22T22:07:31","modified_gmt":"2024-10-22T19:07:31","slug":"die-auswirkung-einer-vaginaloperation-auf-maenner","status":"publish","type":"page","link":"https:\/\/www.cemozluk.com\/de\/die-auswirkung-einer-vaginaloperation-auf-maenner\/","title":{"rendered":"Die Auswirkung einer Vaginaloperation auf M\u00e4nner"},"content":{"rendered":"\n<p>Es wurden viele Studien zur Wirkung einer <strong>Vaginaloperation<\/strong> bei M\u00e4nnern durchgef\u00fchrt. Verschiedene Studien haben gezeigt, dass diese Operation positive Auswirkungen auf M\u00e4nner hat.<\/p>\n\n\n\n<p>Eine Studie ergab, dass M\u00e4nner nach der Operation ein besseres Selbstbild hatten und mehr Vertrauen in ihre Beziehungen hatten. Sie berichteten auch, dass sie mit ihrem Sexualleben zufriedener seien. Eine andere Studie ergab, dass M\u00e4nner, die sich einer Operation unterzogen hatten, sexuell erregter waren und l\u00e4ngere, st\u00e4rkere Erektionen hatten.<\/p>\n\n\n\n<p>Obwohl die langfristigen Auswirkungen einer <strong>Vaginaloperation<\/strong> bei M\u00e4nnern noch unbekannt sind, deuten diese ersten Ergebnisse darauf hin, dass dieser Eingriff einige Vorteile haben k\u00f6nnte. Wenn es um Geschlechtsverkehr geht, glauben die meisten M\u00e4nner, dass die Vagina ein schmutziger und unangenehmer Ort ist.<\/p>\n\n\n\n<p>Weil ihnen von der Gesellschaft beigebracht wurde, so zu denken. Nat\u00fcrlich ist dies nicht immer der Fall. Tats\u00e4chlich bringt eine vaginale Operation f\u00fcr eine Frau viele Vorteile mit sich. Diese Vorteile steigern das sexuelle Vergn\u00fcgen sowohl bei M\u00e4nnern als auch bei Frauen.<\/p>\n\n\n\n<p>Dies kann zu einer Verringerung von Angstzust\u00e4nden und Stress sowie zu einer insgesamt besseren Lebensqualit\u00e4t f\u00fchren. Eine der Operationen, die sich positiv auf M\u00e4nner auswirkt, ist die Vaginalstraffung. In den letzten Jahren hat das Interesse an Vaginaloperationen bei Frauen zugenommen. Sie behaupten, dass Operationen an der Vagina auf verschiedene Weise verbessert werden k\u00f6nnen, von der Erleichterung des Orgasmus \u00fcber die Reduzierung von Harnwegsinfektionen bis hin zur Steigerung des sexuellen Vergn\u00fcgens f\u00fcr beide Partner.<\/p>\n\n\n\n<figure class=\"wp-block-image aligncenter\"><img fetchpriority=\"high\" decoding=\"async\" width=\"472\" height=\"320\" src=\"https:\/\/cemozluk.com\/wp-content\/uploads\/2019\/10\/i-77.webp\" alt=\"Die Auswirkung einer Vaginaloperation auf M\u00e4nner\" class=\"wp-image-14561\" srcset=\"https:\/\/www.cemozluk.com\/wp-content\/uploads\/2019\/10\/i-77.webp 472w, https:\/\/www.cemozluk.com\/wp-content\/uploads\/2019\/10\/i-77-300x203.webp 300w\" sizes=\"(max-width: 472px) 100vw, 472px\" \/><\/figure>\n\n\n\n<h3 class=\"wp-block-heading\">Was passiert bei einer Vaginaloperation?<\/h3>\n\n\n\n<p>Eine <strong>vaginale Operation<\/strong> hat viele Vorteile. Einer der h\u00e4ufigsten Gr\u00fcnde f\u00fcr eine Operation ist die Korrektur eines angeborenen Defekts namens Vaginalagenese, einem Geburtsfehler, der zum Fehlen einer Vagina f\u00fchrt. Weitere Gr\u00fcnde f\u00fcr eine Operation sind die Reparatur von Geburts- oder Krebssch\u00e4den, die Verbesserung der Sexualfunktion und kosmetische Gr\u00fcnde.<\/p>\n\n\n\n<p>Die h\u00e4ufigste Art der Operation ist die <strong>Vaginoplastik<\/strong>. Es gibt auch weniger invasive Verfahren, mit denen eine neue Vagina geschaffen werden kann, beispielsweise eine Laserbehandlung oder eine Gewebetransplantation. Die Preise f\u00fcr Vaginaloperationen variieren und werden m\u00f6glicherweise nicht von der Versicherung \u00fcbernommen. Es handelt sich jedoch um ein sicheres und wirksames Verfahren mit einer hohen Erfolgsquote. Sie k\u00f6nnen uns auch auf <a href=\"https:\/\/www.instagram.com\/drcemozluk\/\" target=\"_blank\" rel=\"noreferrer noopener\">Instagram<\/a> erreichen, um von den Vorteilen einer Vaginaloperation zu profitieren.<\/p>\n\n\n\n<h4 class=\"wp-block-heading\">Gesteigertes Selbstvertrauen durch Vagina-Operation 2022<\/h4>\n\n\n\n<p>Wir haben viele Patientinnen, die Fragen zur Steigerung des Selbstvertrauens durch eine Vaginaloperation haben. Um Ihre Frage zur Vaginaloperation zu beantworten, schreiben wir unseren Artikel zur Steigerung des Selbstbewusstseins durch <strong>Vaginaloperationen<\/strong>.<\/p>\n","protected":false},"excerpt":{"rendered":"<p>Verschiedene Studien haben gezeigt, dass diese Operation positive Auswirkungen auf M\u00e4nner hat.<\/p>\n","protected":false},"author":1,"featured_media":17585,"parent":0,"menu_order":0,"comment_status":"closed","ping_status":"closed","template":"","meta":{"footnotes":""},"class_list":["post-18435","page","type-page","status-publish","has-post-thumbnail","hentry"],"_links":{"self":[{"href":"https:\/\/www.cemozluk.com\/de\/wp-json\/wp\/v2\/pages\/18435","targetHints":{"allow":["GET"]}}],"collection":[{"href":"https:\/\/www.cemozluk.com\/de\/wp-json\/wp\/v2\/pages"}],"about":[{"href":"https:\/\/www.cemozluk.com\/de\/wp-json\/wp\/v2\/types\/page"}],"author":[{"embeddable":true,"href":"https:\/\/www.cemozluk.com\/de\/wp-json\/wp\/v2\/users\/1"}],"replies":[{"embeddable":true,"href":"https:\/\/www.cemozluk.com\/de\/wp-json\/wp\/v2\/comments?post=18435"}],"version-history":[{"count":0,"href":"https:\/\/www.cemozluk.com\/de\/wp-json\/wp\/v2\/pages\/18435\/revisions"}],"wp:featuredmedia":[{"embeddable":true,"href":"https:\/\/www.cemozluk.com\/de\/wp-json\/wp\/v2\/media\/17585"}],"wp:attachment":[{"href":"https:\/\/www.cemozluk.com\/de\/wp-json\/wp\/v2\/media?parent=18435"}],"curies":[{"name":"wp","href":"https:\/\/api.w.org\/{rel}","templated":true}]}}