{"id":18445,"date":"2022-07-04T13:00:03","date_gmt":"2022-07-04T10:00:03","guid":{"rendered":"https:\/\/cemozluk.com\/gesteigertes-selbstvertrauen-durch-eine-vaginaloperation\/"},"modified":"2024-10-22T22:24:16","modified_gmt":"2024-10-22T19:24:16","slug":"gesteigertes-selbstvertrauen-durch-eine-vaginaloperation","status":"publish","type":"page","link":"https:\/\/www.cemozluk.com\/de\/gesteigertes-selbstvertrauen-durch-eine-vaginaloperation\/","title":{"rendered":"Gesteigertes Selbstvertrauen durch eine Vaginaloperation"},"content":{"rendered":"\n<p>Wir haben viele Patientinnen, die Fragen zur St\u00e4rkung des <strong>Selbstvertrauens durch eine Vaginaloperation<\/strong> haben. Wir schreiben unseren Artikel, um Ihre Fragen zur Vaginaloperation zu beantworten.<\/p>\n\n\n\n<p>F\u00fcr ein gesteigertes Selbstbewusstsein, insbesondere im Hinblick auf die Sexualit\u00e4t, gibt es keine allgemeing\u00fcltige Antwort. F\u00fcr einige Frauen kann eine <strong>Vaginalstraffung<\/strong> jedoch die effektivste Option sein. Eine vaginale Rekonstruktionsoperation, auch Vaginoplastik genannt, verbessert das Aussehen und die Funktion des Vaginalbereichs einer Frau, indem sie die Form und Gr\u00f6\u00dfe der Vagina ver\u00e4ndert.<\/p>\n\n\n\n<p>Eine Operation kann auch die sexuelle Zufriedenheit steigern, indem sie die verlorene Elastizit\u00e4t wiederherstellt und die Harn- und Sexualfunktion verbessert. Viele Frauen stellen fest, dass ihr Selbstvertrauen nach einer Vaginalstraffung zunimmt, da sie insgesamt mehr Selbstvertrauen in ihren K\u00f6rper haben.<\/p>\n\n\n\n<p>Selbstvertrauen ist in jedem Aspekt des Lebens wichtig. Es kann ein wichtiger Faktor f\u00fcr unsere Leistung bei der Arbeit, in sozialen Interaktionen und sogar f\u00fcr unsere pers\u00f6nliche Gesundheit sein. Was aber, wenn uns etwas davon abh\u00e4lt, uns sicher zu f\u00fchlen? F\u00fcr manche Frauen ist dieses Etwas ihre <strong>Vagina<\/strong>. Es gibt viele M\u00f6glichkeiten, das Selbstvertrauen zu st\u00e4rken, aber f\u00fcr einige Frauen, die Schwierigkeiten haben, sich in ihrer Vagina sicher zu f\u00fchlen, kann eine <strong>Vaginaloperation<\/strong> eine L\u00f6sung finden.<\/p>\n\n\n\n<h3 class=\"wp-block-heading\">Vaginalchirurgie<\/h3>\n\n\n\n<p>Eine <strong>vaginale Operation<\/strong> hat viele Vorteile. Eine vaginale Verj\u00fcngungsoperation kann viele Probleme beheben, die bei Frauen in ihrer Vagina auftreten k\u00f6nnen, wie z. B. Lockerheit, Trockenheit und Schmerzen beim Geschlechtsverkehr. Dar\u00fcber hinaus kann diese Operation das Erscheinungsbild der Vagina verbessern, indem sie sie enger, glatter und j\u00fcnger aussehen l\u00e4sst.<\/p>\n\n\n\n<p>Frauen, die sich einer Vaginalverj\u00fcngungsoperation unterziehen, berichten typischerweise von einer Steigerung der sexuellen Zufriedenheit und einem R\u00fcckgang der H\u00e4ufigkeit von Schmerzen beim Geschlechtsverkehr. Dar\u00fcber hinaus f\u00fchlen sie sich nach der Operation oft selbstbewusster und attraktiver.<\/p>\n\n\n\n<p>Die mit einer Vaginalverj\u00fcngungsoperation verbundenen Risiken sind relativ gering und umfassen Blutungen, Infektionen und Narbenbildung. Insgesamt \u00fcberwiegen die Vorteile dieser Operation bei weitem die damit verbundenen Risiken. Wenn Sie \u00fcber eine vaginale Verj\u00fcngungsoperation nachdenken, wenden Sie sich an einen qualifizierten Chirurgen, der Ihnen dabei helfen kann, festzustellen, ob dieser Eingriff f\u00fcr Sie geeignet ist.<\/p>\n\n\n\n<figure class=\"wp-block-image aligncenter\"><img fetchpriority=\"high\" decoding=\"async\" width=\"320\" height=\"320\" src=\"https:\/\/cemozluk.com\/wp-content\/uploads\/2022\/06\/i-18.webp\" alt=\"Gesteigertes Selbstvertrauen durch eine Vaginaloperation \" class=\"wp-image-14782\" srcset=\"https:\/\/www.cemozluk.com\/wp-content\/uploads\/2022\/06\/i-18.webp 320w, https:\/\/www.cemozluk.com\/wp-content\/uploads\/2022\/06\/i-18-300x300.webp 300w, https:\/\/www.cemozluk.com\/wp-content\/uploads\/2022\/06\/i-18-150x150.webp 150w\" sizes=\"(max-width: 320px) 100vw, 320px\" \/><\/figure>\n\n\n\n<p><strong>Vorteile einer Vagina-Operation<\/strong><\/p>\n\n\n\n<p>Eine vaginale Operation hat viele Vorteile. Einer der offensichtlichsten Vorteile besteht vielleicht darin, dass eine Operation dazu beitragen kann, das sexuelle Vergn\u00fcgen und die sexuelle Befriedigung einer Frau zu steigern. Dies liegt daran, dass durch eine Operation alle anatomischen Anomalien oder angeborenen Defekte korrigiert werden k\u00f6nnen, die zu Beschwerden oder Schwierigkeiten beim Geschlechtsverkehr f\u00fchren k\u00f6nnen.<\/p>\n\n\n\n<p>Ein weiterer Vorteil einer Vaginaloperation besteht darin, dass sie dazu beitragen kann, die Harnfunktion einer Frau zu verbessern. Wenn die Frau Probleme wie Harninkontinenz hat, kann eine Operation dies beheben. Dar\u00fcber hinaus kann eine Vaginaloperation auch dazu beitragen, das Selbstbild und Selbstvertrauen einer Frau zu verbessern. Viele Frauen f\u00fchlen sich nach einer vaginalen Korrektur selbstbewusster und attraktiver. Hier k\u00f6nnen Sie sich auch meine <a href=\"https:\/\/www.youtube.com\/@op.dr.cemozluk5132\" target=\"_blank\" rel=\"noreferrer noopener\">YouTube<\/a>-Videos zu Vaginaloperationen ansehen.<\/p>\n","protected":false},"excerpt":{"rendered":"<p>Eine Vaginoplastik verbessert das Erscheinungsbild des Vaginalbereichs einer Frau, indem sie die Form und Gr\u00f6\u00dfe der Vagina ver\u00e4ndert.<\/p>\n","protected":false},"author":1,"featured_media":17588,"parent":0,"menu_order":0,"comment_status":"closed","ping_status":"closed","template":"","meta":{"footnotes":""},"class_list":["post-18445","page","type-page","status-publish","has-post-thumbnail","hentry"],"_links":{"self":[{"href":"https:\/\/www.cemozluk.com\/de\/wp-json\/wp\/v2\/pages\/18445","targetHints":{"allow":["GET"]}}],"collection":[{"href":"https:\/\/www.cemozluk.com\/de\/wp-json\/wp\/v2\/pages"}],"about":[{"href":"https:\/\/www.cemozluk.com\/de\/wp-json\/wp\/v2\/types\/page"}],"author":[{"embeddable":true,"href":"https:\/\/www.cemozluk.com\/de\/wp-json\/wp\/v2\/users\/1"}],"replies":[{"embeddable":true,"href":"https:\/\/www.cemozluk.com\/de\/wp-json\/wp\/v2\/comments?post=18445"}],"version-history":[{"count":0,"href":"https:\/\/www.cemozluk.com\/de\/wp-json\/wp\/v2\/pages\/18445\/revisions"}],"wp:featuredmedia":[{"embeddable":true,"href":"https:\/\/www.cemozluk.com\/de\/wp-json\/wp\/v2\/media\/17588"}],"wp:attachment":[{"href":"https:\/\/www.cemozluk.com\/de\/wp-json\/wp\/v2\/media?parent=18445"}],"curies":[{"name":"wp","href":"https:\/\/api.w.org\/{rel}","templated":true}]}}