{"id":17762,"date":"2024-03-13T19:44:58","date_gmt":"2024-03-13T16:44:58","guid":{"rendered":"https:\/\/cemozluk.com\/blog\/"},"modified":"2024-03-18T11:26:36","modified_gmt":"2024-03-18T08:26:36","slug":"blog","status":"publish","type":"page","link":"https:\/\/www.cemozluk.com\/en\/blog\/","title":{"rendered":"Blog"},"content":{"rendered":"\t\t<div data-elementor-type=\"wp-page\" data-elementor-id=\"17762\" class=\"elementor elementor-17762\" data-elementor-post-type=\"page\">\n\t\t\t\t<div class=\"elementor-element elementor-element-d3ea31e e-flex e-con-boxed wpr-particle-no wpr-jarallax-no wpr-parallax-no wpr-sticky-section-no e-con e-parent\" data-id=\"d3ea31e\" data-element_type=\"container\" data-e-type=\"container\" data-settings=\"{&quot;background_background&quot;:&quot;classic&quot;}\">\n\t\t\t\t\t<div class=\"e-con-inner\">\n\t\t\t\t\t<\/div>\n\t\t\t\t<\/div>\n\t\t<div class=\"elementor-element elementor-element-3c6ed1e e-flex e-con-boxed wpr-particle-no wpr-jarallax-no wpr-parallax-no wpr-sticky-section-no e-con e-parent\" data-id=\"3c6ed1e\" data-element_type=\"container\" data-e-type=\"container\">\n\t\t\t\t\t<div class=\"e-con-inner\">\n\t\t\t\t<div class=\"elementor-element elementor-element-485dbeb elementor-grid-3 elementor-grid-tablet-2 elementor-grid-mobile-1 elementor-widget elementor-widget-loop-grid\" data-id=\"485dbeb\" data-element_type=\"widget\" data-e-type=\"widget\" data-settings=\"{&quot;template_id&quot;:277,&quot;pagination_type&quot;:&quot;prev_next&quot;,&quot;_skin&quot;:&quot;post&quot;,&quot;columns&quot;:&quot;3&quot;,&quot;columns_tablet&quot;:&quot;2&quot;,&quot;columns_mobile&quot;:&quot;1&quot;,&quot;edit_handle_selector&quot;:&quot;[data-elementor-type=\\&quot;loop-item\\&quot;]&quot;,&quot;pagination_load_type&quot;:&quot;page_reload&quot;,&quot;row_gap&quot;:{&quot;unit&quot;:&quot;px&quot;,&quot;size&quot;:&quot;&quot;,&quot;sizes&quot;:[]},&quot;row_gap_tablet&quot;:{&quot;unit&quot;:&quot;px&quot;,&quot;size&quot;:&quot;&quot;,&quot;sizes&quot;:[]},&quot;row_gap_mobile&quot;:{&quot;unit&quot;:&quot;px&quot;,&quot;size&quot;:&quot;&quot;,&quot;sizes&quot;:[]}}\" data-widget_type=\"loop-grid.post\">\n\t\t\t\t<div class=\"elementor-widget-container\">\n\t\t\t\t\t\t\t<div class=\"elementor-loop-container elementor-grid\">\n\t\t<style id=\"loop-277\">.elementor-277 .elementor-element.elementor-element-cbe8ac5{--display:flex;--justify-content:flex-start;--align-items:flex-start;--container-widget-width:calc( ( 1 - var( --container-widget-flex-grow ) ) * 100% );--gap:10px 10px;--row-gap:10px;--column-gap:10px;border-style:solid;--border-style:solid;border-width:1px 1px 1px 1px;--border-top-width:1px;--border-right-width:1px;--border-bottom-width:1px;--border-left-width:1px;border-color:#083A7029;--border-color:#083A7029;--border-radius:10px 10px 10px 10px;--padding-top:20px;--padding-bottom:30px;--padding-left:20px;--padding-right:20px;}.elementor-widget-image .widget-image-caption{color:var( --e-global-color-text );font-family:var( --e-global-typography-text-font-family ), Sans-serif;font-weight:var( --e-global-typography-text-font-weight );}.elementor-277 .elementor-element.elementor-element-4719389 img{border-radius:10px 10px 10px 10px;}.elementor-widget-post-info .elementor-icon-list-item:not(:last-child):after{border-color:var( --e-global-color-text );}.elementor-widget-post-info .elementor-icon-list-icon i{color:var( --e-global-color-primary );}.elementor-widget-post-info .elementor-icon-list-icon svg{fill:var( --e-global-color-primary );}.elementor-widget-post-info .elementor-icon-list-text, .elementor-widget-post-info .elementor-icon-list-text a{color:var( --e-global-color-secondary );}.elementor-widget-post-info .elementor-icon-list-item{font-family:var( --e-global-typography-text-font-family ), Sans-serif;font-weight:var( --e-global-typography-text-font-weight );}.elementor-277 .elementor-element.elementor-element-6d1f1b6 .elementor-icon-list-icon{width:14px;}.elementor-277 .elementor-element.elementor-element-6d1f1b6 .elementor-icon-list-icon i{font-size:14px;}.elementor-277 .elementor-element.elementor-element-6d1f1b6 .elementor-icon-list-icon svg{--e-icon-list-icon-size:14px;}.elementor-277 .elementor-element.elementor-element-6d1f1b6 .elementor-icon-list-text, .elementor-277 .elementor-element.elementor-element-6d1f1b6 .elementor-icon-list-text a{color:#354F52;}.elementor-277 .elementor-element.elementor-element-6d1f1b6 .elementor-icon-list-item{font-family:\"Poppins\", Sans-serif;font-weight:300;}.elementor-widget-heading .elementor-heading-title{font-family:var( --e-global-typography-primary-font-family ), Sans-serif;font-weight:var( --e-global-typography-primary-font-weight );color:var( --e-global-color-primary );}.elementor-277 .elementor-element.elementor-element-9cafc5e{text-align:start;width:var( --container-widget-width, 100% );max-width:100%;--container-widget-width:100%;--container-widget-flex-grow:0;}.elementor-277 .elementor-element.elementor-element-9cafc5e .elementor-heading-title{font-family:\"Poppins\", Sans-serif;font-size:18px;font-weight:400;line-height:22px;color:#354F52;}.elementor-widget-theme-post-excerpt .elementor-widget-container{color:var( --e-global-color-text );font-family:var( --e-global-typography-text-font-family ), Sans-serif;font-weight:var( --e-global-typography-text-font-weight );}.elementor-277 .elementor-element.elementor-element-58f2e7c .elementor-widget-container{color:#354F52;font-family:\"Poppins\", Sans-serif;font-size:15px;font-weight:400;}@media(max-width:755px){.elementor-277 .elementor-element.elementor-element-cbe8ac5{--justify-content:center;--align-items:center;--container-widget-width:calc( ( 1 - var( --container-widget-flex-grow ) ) * 100% );}.elementor-277 .elementor-element.elementor-element-9cafc5e{text-align:center;--container-widget-width:80%;--container-widget-flex-grow:0;width:var( --container-widget-width, 80% );max-width:80%;}.elementor-277 .elementor-element.elementor-element-58f2e7c .elementor-widget-container{text-align:center;}}<\/style>\t\t<div data-elementor-type=\"loop-item\" data-elementor-id=\"277\" class=\"elementor elementor-277 e-loop-item e-loop-item-25561 post-25561 post type-post status-publish format-standard has-post-thumbnail hentry category-uncategorized\" data-elementor-post-type=\"elementor_library\" data-custom-edit-handle=\"1\">\n\t\t\t<div class=\"elementor-element elementor-element-cbe8ac5 e-flex e-con-boxed wpr-particle-no wpr-jarallax-no wpr-parallax-no wpr-sticky-section-no e-con e-parent\" data-id=\"cbe8ac5\" data-element_type=\"container\" data-e-type=\"container\">\n\t\t\t\t\t<div class=\"e-con-inner\">\n\t\t\t\t<div class=\"elementor-element elementor-element-4719389 elementor-widget elementor-widget-image\" data-id=\"4719389\" data-element_type=\"widget\" data-e-type=\"widget\" data-widget_type=\"image.default\">\n\t\t\t\t<div class=\"elementor-widget-container\">\n\t\t\t\t\t\t\t\t\t\t\t\t\t\t\t\t<a href=\"https:\/\/www.cemozluk.com\/en\/solution-for-peyronies-disease\/\">\n\t\t\t\t\t\t\t<img fetchpriority=\"high\" decoding=\"async\" width=\"1200\" height=\"627\" src=\"https:\/\/www.cemozluk.com\/wp-content\/uploads\/2025\/04\/Peyronies-Disease-b1b45e09221457e51593418371c4d490.jpg\" class=\"attachment-full size-full wp-image-25557\" alt=\"\" srcset=\"https:\/\/www.cemozluk.com\/wp-content\/uploads\/2025\/04\/Peyronies-Disease-b1b45e09221457e51593418371c4d490.jpg 1200w, https:\/\/www.cemozluk.com\/wp-content\/uploads\/2025\/04\/Peyronies-Disease-b1b45e09221457e51593418371c4d490-300x157.jpg 300w, https:\/\/www.cemozluk.com\/wp-content\/uploads\/2025\/04\/Peyronies-Disease-b1b45e09221457e51593418371c4d490-1024x535.jpg 1024w, https:\/\/www.cemozluk.com\/wp-content\/uploads\/2025\/04\/Peyronies-Disease-b1b45e09221457e51593418371c4d490-768x401.jpg 768w\" sizes=\"(max-width: 1200px) 100vw, 1200px\" \/>\t\t\t\t\t\t\t\t<\/a>\n\t\t\t\t\t\t\t\t\t\t\t\t\t\t\t<\/div>\n\t\t\t\t<\/div>\n\t\t\t\t<div class=\"elementor-element elementor-element-6d1f1b6 elementor-widget elementor-widget-post-info\" data-id=\"6d1f1b6\" data-element_type=\"widget\" data-e-type=\"widget\" data-widget_type=\"post-info.default\">\n\t\t\t\t<div class=\"elementor-widget-container\">\n\t\t\t\t\t\t\t<ul class=\"elementor-inline-items elementor-icon-list-items elementor-post-info\">\n\t\t\t\t\t\t\t\t<li class=\"elementor-icon-list-item elementor-repeater-item-8689d9d elementor-inline-item\" itemprop=\"datePublished\">\n\t\t\t\t\t\t\t\t\t\t\t\t\t<span class=\"elementor-icon-list-text elementor-post-info__item elementor-post-info__item--type-date\">\n\t\t\t\t\t\t\t\t\t\t<time>April 30, 2025<\/time>\t\t\t\t\t<\/span>\n\t\t\t\t\t\t\t\t<\/li>\n\t\t\t\t<\/ul>\n\t\t\t\t\t\t<\/div>\n\t\t\t\t<\/div>\n\t\t\t\t<div class=\"elementor-element elementor-element-9cafc5e elementor-widget__width-initial elementor-widget elementor-widget-heading\" data-id=\"9cafc5e\" data-element_type=\"widget\" data-e-type=\"widget\" data-widget_type=\"heading.default\">\n\t\t\t\t<div class=\"elementor-widget-container\">\n\t\t\t\t\t<h3 class=\"elementor-heading-title elementor-size-default\"><a href=\"https:\/\/www.cemozluk.com\/en\/solution-for-peyronies-disease\/\">Solution for Peyronie&#8217;s Disease<\/a><\/h3>\t\t\t\t<\/div>\n\t\t\t\t<\/div>\n\t\t\t\t<div class=\"elementor-element elementor-element-58f2e7c elementor-widget elementor-widget-theme-post-excerpt\" data-id=\"58f2e7c\" data-element_type=\"widget\" data-e-type=\"widget\" data-widget_type=\"theme-post-excerpt.default\">\n\t\t\t\t<div class=\"elementor-widget-container\">\n\t\t\t\t\tPeyronie's Disease can be challenging, but effective solutions are available. Let's explore the options to regain confidence and comfort.\t\t\t\t<\/div>\n\t\t\t\t<\/div>\n\t\t\t\t\t<\/div>\n\t\t\t\t<\/div>\n\t\t\t\t<\/div>\n\t\t\t\t<div data-elementor-type=\"loop-item\" data-elementor-id=\"277\" class=\"elementor elementor-277 e-loop-item e-loop-item-25359 post-25359 post type-post status-publish format-standard hentry category-cinsel-sorunlar-en\" data-elementor-post-type=\"elementor_library\" data-custom-edit-handle=\"1\">\n\t\t\t<div class=\"elementor-element elementor-element-cbe8ac5 e-flex e-con-boxed wpr-particle-no wpr-jarallax-no wpr-parallax-no wpr-sticky-section-no e-con e-parent\" data-id=\"cbe8ac5\" data-element_type=\"container\" data-e-type=\"container\">\n\t\t\t\t\t<div class=\"e-con-inner\">\n\t\t\t\t<div class=\"elementor-element elementor-element-6d1f1b6 elementor-widget elementor-widget-post-info\" data-id=\"6d1f1b6\" data-element_type=\"widget\" data-e-type=\"widget\" data-widget_type=\"post-info.default\">\n\t\t\t\t<div class=\"elementor-widget-container\">\n\t\t\t\t\t\t\t<ul class=\"elementor-inline-items elementor-icon-list-items elementor-post-info\">\n\t\t\t\t\t\t\t\t<li class=\"elementor-icon-list-item elementor-repeater-item-8689d9d elementor-inline-item\" itemprop=\"datePublished\">\n\t\t\t\t\t\t\t\t\t\t\t\t\t<span class=\"elementor-icon-list-text elementor-post-info__item elementor-post-info__item--type-date\">\n\t\t\t\t\t\t\t\t\t\t<time>April 7, 2025<\/time>\t\t\t\t\t<\/span>\n\t\t\t\t\t\t\t\t<\/li>\n\t\t\t\t<\/ul>\n\t\t\t\t\t\t<\/div>\n\t\t\t\t<\/div>\n\t\t\t\t<div class=\"elementor-element elementor-element-9cafc5e elementor-widget__width-initial elementor-widget elementor-widget-heading\" data-id=\"9cafc5e\" data-element_type=\"widget\" data-e-type=\"widget\" data-widget_type=\"heading.default\">\n\t\t\t\t<div class=\"elementor-widget-container\">\n\t\t\t\t\t<h3 class=\"elementor-heading-title elementor-size-default\"><a href=\"https:\/\/www.cemozluk.com\/en\/p-shot-tedavisi-ile-sertlesme-sorununa-cozum\/\">Do\u011fal Y\u00f6ntemlerle Sertle\u015fme G\u00fcc\u00fcn\u00fc Geri Kazanmak M\u00fcmk\u00fcn m\u00fc?<\/a><\/h3>\t\t\t\t<\/div>\n\t\t\t\t<\/div>\n\t\t\t\t\t<\/div>\n\t\t\t\t<\/div>\n\t\t\t\t<\/div>\n\t\t\t\t<\/div>\n\t\t\n\t\t\t\t\t\t<\/div>\n\t\t\t\t<\/div>\n\t\t\t\t\t<\/div>\n\t\t\t\t<\/div>\n\t\t\t\t<\/div>\n\t\t","protected":false},"excerpt":{"rendered":"","protected":false},"author":1,"featured_media":0,"parent":0,"menu_order":0,"comment_status":"closed","ping_status":"closed","template":"elementor_header_footer","meta":{"footnotes":""},"class_list":["post-17762","page","type-page","status-publish","hentry"],"_links":{"self":[{"href":"https:\/\/www.cemozluk.com\/en\/wp-json\/wp\/v2\/pages\/17762","targetHints":{"allow":["GET"]}}],"collection":[{"href":"https:\/\/www.cemozluk.com\/en\/wp-json\/wp\/v2\/pages"}],"about":[{"href":"https:\/\/www.cemozluk.com\/en\/wp-json\/wp\/v2\/types\/page"}],"author":[{"embeddable":true,"href":"https:\/\/www.cemozluk.com\/en\/wp-json\/wp\/v2\/users\/1"}],"replies":[{"embeddable":true,"href":"https:\/\/www.cemozluk.com\/en\/wp-json\/wp\/v2\/comments?post=17762"}],"version-history":[{"count":0,"href":"https:\/\/www.cemozluk.com\/en\/wp-json\/wp\/v2\/pages\/17762\/revisions"}],"wp:attachment":[{"href":"https:\/\/www.cemozluk.com\/en\/wp-json\/wp\/v2\/media?parent=17762"}],"curies":[{"name":"wp","href":"https:\/\/api.w.org\/{rel}","templated":true}]}}