{"id":17871,"date":"2024-03-15T14:01:37","date_gmt":"2024-03-15T11:01:37","guid":{"rendered":"https:\/\/cemozluk.com\/genital-aesthetics\/male-genital-aesthetics\/"},"modified":"2024-03-16T11:36:04","modified_gmt":"2024-03-16T08:36:04","slug":"male-genital-aesthetics","status":"publish","type":"page","link":"https:\/\/www.cemozluk.com\/en\/genital-aesthetics\/male-genital-aesthetics\/","title":{"rendered":"Male Genital Aesthetics"},"content":{"rendered":"\t\t<div data-elementor-type=\"wp-page\" data-elementor-id=\"17871\" class=\"elementor elementor-17871 elementor-17118\" data-elementor-post-type=\"page\">\n\t\t\t\t<div class=\"elementor-element elementor-element-a432480 e-flex e-con-boxed wpr-particle-no wpr-jarallax-no wpr-parallax-no wpr-sticky-section-no wpr-equal-height-no e-con e-parent\" data-id=\"a432480\" data-element_type=\"container\" data-settings=\"{&quot;background_background&quot;:&quot;classic&quot;}\">\n\t\t\t\t\t<div class=\"e-con-inner\">\n\t\t\t\t\t<\/div>\n\t\t\t\t<\/div>\n\t\t<div class=\"elementor-element elementor-element-8e301f2 e-flex e-con-boxed wpr-particle-no wpr-jarallax-no wpr-parallax-no wpr-sticky-section-no wpr-equal-height-no e-con e-parent\" data-id=\"8e301f2\" data-element_type=\"container\">\n\t\t\t\t\t<div class=\"e-con-inner\">\n\t\t<div class=\"elementor-element elementor-element-0044cfe e-con-full e-flex wpr-particle-no wpr-jarallax-no wpr-parallax-no wpr-sticky-section-no wpr-equal-height-no e-con e-child\" data-id=\"0044cfe\" data-element_type=\"container\">\n\t\t\t\t<div class=\"elementor-element elementor-element-9cb79e7 elementor-cta--tablet-layout-image-above elementor-cta--mobile-layout-image-left elementor-cta--valign-middle elementor-cta--skin-classic elementor-animated-content elementor-widget elementor-widget-call-to-action\" data-id=\"9cb79e7\" data-element_type=\"widget\" data-widget_type=\"call-to-action.default\">\n\t\t\t\t<div class=\"elementor-widget-container\">\n\t\t\t\t\t<a class=\"elementor-cta\" href=\"https:\/\/www.cemozluk.com\/penis-buyutme\/\">\n\t\t\t\t\t<div class=\"elementor-cta__bg-wrapper\">\n\t\t\t\t<div class=\"elementor-cta__bg elementor-bg\" style=\"background-image: url(https:\/\/www.cemozluk.com\/wp-content\/uploads\/2024\/03\/Penis-Buyutme-Ameliyati-2.webp);\" role=\"img\" aria-label=\"Penis B\u00fcy\u00fcmesi Ka\u00e7 Ya\u015f\u0131na Kadar Devam Eder?\"><\/div>\n\t\t\t\t<div class=\"elementor-cta__bg-overlay\"><\/div>\n\t\t\t<\/div>\n\t\t\t\t\t\t\t<div class=\"elementor-cta__content\">\n\t\t\t\t\n\t\t\t\t\t\t\t\t\t<h2 class=\"elementor-cta__title elementor-cta__content-item elementor-content-item\">\n\t\t\t\t\t\tPenis Enlargement\t\t\t\t\t<\/h2>\n\t\t\t\t\n\t\t\t\t\t\t\t\t\t<div class=\"elementor-cta__description elementor-cta__content-item elementor-content-item\">\n\t\t\t\t\t\t<p>It is an operation preferred by men who find their penis length or thickness inadequate during erection.<\/p>\n\t\t\t\t\t<\/div>\n\t\t\t\t\n\t\t\t\t\t\t\t<\/div>\n\t\t\t\t\t\t<\/a>\n\t\t\t\t<\/div>\n\t\t\t\t<\/div>\n\t\t\t\t<\/div>\n\t\t<div class=\"elementor-element elementor-element-d47161b e-con-full e-flex wpr-particle-no wpr-jarallax-no wpr-parallax-no wpr-sticky-section-no wpr-equal-height-no e-con e-child\" data-id=\"d47161b\" data-element_type=\"container\">\n\t\t\t\t<div class=\"elementor-element elementor-element-b04e97f elementor-cta--tablet-layout-image-above elementor-cta--mobile-layout-image-left elementor-cta--valign-middle elementor-cta--skin-classic elementor-animated-content elementor-widget elementor-widget-call-to-action\" data-id=\"b04e97f\" data-element_type=\"widget\" data-widget_type=\"call-to-action.default\">\n\t\t\t\t<div class=\"elementor-widget-container\">\n\t\t\t\t\t<div class=\"elementor-cta\">\n\t\t\t\t\t<div class=\"elementor-cta__bg-wrapper\">\n\t\t\t\t<div class=\"elementor-cta__bg elementor-bg\" style=\"background-image: url(https:\/\/www.cemozluk.com\/wp-content\/uploads\/2024\/03\/penis-kalinlastirma.webp);\" role=\"img\" aria-label=\"penis-kalinlastirma\"><\/div>\n\t\t\t\t<div class=\"elementor-cta__bg-overlay\"><\/div>\n\t\t\t<\/div>\n\t\t\t\t\t\t\t<div class=\"elementor-cta__content\">\n\t\t\t\t\n\t\t\t\t\t\t\t\t\t<h2 class=\"elementor-cta__title elementor-cta__content-item elementor-content-item\">\n\t\t\t\t\t\tPenis Thickening\t\t\t\t\t<\/h2>\n\t\t\t\t\n\t\t\t\t\t\t\t\t\t<div class=\"elementor-cta__description elementor-cta__content-item elementor-content-item\">\n\t\t\t\t\t\t<p>It is a modern medical operation performed painlessly and without a period of rest.<\/p>\n\t\t\t\t\t<\/div>\n\t\t\t\t\n\t\t\t\t\t\t\t<\/div>\n\t\t\t\t\t\t<\/div>\n\t\t\t\t<\/div>\n\t\t\t\t<\/div>\n\t\t\t\t<\/div>\n\t\t<div class=\"elementor-element elementor-element-0d7c8f5 e-con-full e-flex wpr-particle-no wpr-jarallax-no wpr-parallax-no wpr-sticky-section-no wpr-equal-height-no e-con e-child\" data-id=\"0d7c8f5\" data-element_type=\"container\">\n\t\t\t\t<div class=\"elementor-element elementor-element-17ce241 elementor-cta--tablet-layout-image-above elementor-cta--mobile-layout-image-left elementor-cta--valign-middle elementor-cta--skin-classic elementor-animated-content elementor-widget elementor-widget-call-to-action\" data-id=\"17ce241\" data-element_type=\"widget\" data-widget_type=\"call-to-action.default\">\n\t\t\t\t<div class=\"elementor-widget-container\">\n\t\t\t\t\t<a class=\"elementor-cta\" href=\"https:\/\/www.cemozluk.com\/penis-egriligi-ameliyati\/\">\n\t\t\t\t\t<div class=\"elementor-cta__bg-wrapper\">\n\t\t\t\t<div class=\"elementor-cta__bg elementor-bg\" style=\"background-image: url(https:\/\/www.cemozluk.com\/wp-content\/uploads\/2024\/03\/penis-egriligi.webp);\" role=\"img\" aria-label=\"penis-egriligi\"><\/div>\n\t\t\t\t<div class=\"elementor-cta__bg-overlay\"><\/div>\n\t\t\t<\/div>\n\t\t\t\t\t\t\t<div class=\"elementor-cta__content\">\n\t\t\t\t\n\t\t\t\t\t\t\t\t\t<h2 class=\"elementor-cta__title elementor-cta__content-item elementor-content-item\">\n\t\t\t\t\t\tPenis Curvature\t\t\t\t\t<\/h2>\n\t\t\t\t\n\t\t\t\t\t\t\t\t\t<div class=\"elementor-cta__description elementor-cta__content-item elementor-content-item\">\n\t\t\t\t\t\t<p>Penile curvature, which causes difficulty during sexual intercourse, is corrected by surgical operations.<\/p>\n\t\t\t\t\t<\/div>\n\t\t\t\t\n\t\t\t\t\t\t\t<\/div>\n\t\t\t\t\t\t<\/a>\n\t\t\t\t<\/div>\n\t\t\t\t<\/div>\n\t\t\t\t<\/div>\n\t\t<div class=\"elementor-element elementor-element-e0322b0 e-con-full e-flex wpr-particle-no wpr-jarallax-no wpr-parallax-no wpr-sticky-section-no wpr-equal-height-no e-con e-child\" data-id=\"e0322b0\" data-element_type=\"container\">\n\t\t\t\t<div class=\"elementor-element elementor-element-a14179b elementor-cta--tablet-layout-image-above elementor-cta--mobile-layout-image-left elementor-cta--valign-middle elementor-cta--skin-classic elementor-animated-content elementor-widget elementor-widget-call-to-action\" data-id=\"a14179b\" data-element_type=\"widget\" data-widget_type=\"call-to-action.default\">\n\t\t\t\t<div class=\"elementor-widget-container\">\n\t\t\t\t\t<a class=\"elementor-cta\" href=\"https:\/\/www.cemozluk.com\/penis-dolgusu-ile-penis-kalinlastirma\/\">\n\t\t\t\t\t<div class=\"elementor-cta__bg-wrapper\">\n\t\t\t\t<div class=\"elementor-cta__bg elementor-bg\" style=\"background-image: url(https:\/\/www.cemozluk.com\/wp-content\/uploads\/2024\/03\/Penis-Dolgusu-ile-Penis-Kalinlastirma.webp);\" role=\"img\" aria-label=\"Penis Dolgusu ile Penis Kal\u0131nla\u015ft\u0131rma\"><\/div>\n\t\t\t\t<div class=\"elementor-cta__bg-overlay\"><\/div>\n\t\t\t<\/div>\n\t\t\t\t\t\t\t<div class=\"elementor-cta__content\">\n\t\t\t\t\n\t\t\t\t\t\t\t\t\t<h2 class=\"elementor-cta__title elementor-cta__content-item elementor-content-item\">\n\t\t\t\t\t\tPenis Filler\t\t\t\t\t<\/h2>\n\t\t\t\t\n\t\t\t\t\t\t\t\t\t<div class=\"elementor-cta__description elementor-cta__content-item elementor-content-item\">\n\t\t\t\t\t\t<p>It is one of the non-surgical penis aesthetics. It helps increase penis length and penis thickness.<\/p>\n\t\t\t\t\t<\/div>\n\t\t\t\t\n\t\t\t\t\t\t\t<\/div>\n\t\t\t\t\t\t<\/a>\n\t\t\t\t<\/div>\n\t\t\t\t<\/div>\n\t\t\t\t<\/div>\n\t\t<div class=\"elementor-element elementor-element-c59f66b e-con-full e-flex wpr-particle-no wpr-jarallax-no wpr-parallax-no wpr-sticky-section-no wpr-equal-height-no e-con e-child\" data-id=\"c59f66b\" data-element_type=\"container\">\n\t\t\t\t<div class=\"elementor-element elementor-element-d8385cb elementor-cta--tablet-layout-image-above elementor-cta--mobile-layout-image-left elementor-cta--valign-middle elementor-cta--skin-classic elementor-animated-content elementor-widget elementor-widget-call-to-action\" data-id=\"d8385cb\" data-element_type=\"widget\" data-widget_type=\"call-to-action.default\">\n\t\t\t\t<div class=\"elementor-widget-container\">\n\t\t\t\t\t<a class=\"elementor-cta\" href=\"https:\/\/www.cemozluk.com\/penis-ucu-dolgusu\/\">\n\t\t\t\t\t<div class=\"elementor-cta__bg-wrapper\">\n\t\t\t\t<div class=\"elementor-cta__bg elementor-bg\" style=\"background-image: url(https:\/\/www.cemozluk.com\/wp-content\/uploads\/2024\/03\/penis-ucu-dolgusu.webp);\" role=\"img\" aria-label=\"penis-ucu-dolgusu\"><\/div>\n\t\t\t\t<div class=\"elementor-cta__bg-overlay\"><\/div>\n\t\t\t<\/div>\n\t\t\t\t\t\t\t<div class=\"elementor-cta__content\">\n\t\t\t\t\n\t\t\t\t\t\t\t\t\t<h2 class=\"elementor-cta__title elementor-cta__content-item elementor-content-item\">\n\t\t\t\t\t\tPenis Filling\t\t\t\t\t<\/h2>\n\t\t\t\t\n\t\t\t\t\t\t\t\t\t<div class=\"elementor-cta__description elementor-cta__content-item elementor-content-item\">\n\t\t\t\t\t\t<p>It is a method performed with a simple injection procedure and has a high success rate.<\/p>\n\t\t\t\t\t<\/div>\n\t\t\t\t\n\t\t\t\t\t\t\t<\/div>\n\t\t\t\t\t\t<\/a>\n\t\t\t\t<\/div>\n\t\t\t\t<\/div>\n\t\t\t\t<\/div>\n\t\t<div class=\"elementor-element elementor-element-da7e5ea e-con-full e-flex wpr-particle-no wpr-jarallax-no wpr-parallax-no wpr-sticky-section-no wpr-equal-height-no e-con e-child\" data-id=\"da7e5ea\" data-element_type=\"container\">\n\t\t\t\t<div class=\"elementor-element elementor-element-d9ceea1 elementor-cta--tablet-layout-image-above elementor-cta--mobile-layout-image-left elementor-cta--valign-middle elementor-cta--skin-classic elementor-animated-content elementor-widget elementor-widget-call-to-action\" data-id=\"d9ceea1\" data-element_type=\"widget\" data-widget_type=\"call-to-action.default\">\n\t\t\t\t<div class=\"elementor-widget-container\">\n\t\t\t\t\t<a class=\"elementor-cta\" href=\"https:\/\/www.cemozluk.com\/penis-uzatma-ameliyati\/\">\n\t\t\t\t\t<div class=\"elementor-cta__bg-wrapper\">\n\t\t\t\t<div class=\"elementor-cta__bg elementor-bg\" style=\"background-image: url(https:\/\/www.cemozluk.com\/wp-content\/uploads\/2024\/03\/Pubis-Liposuction-ile-Penis-Uzatma-Ameliyati.webp);\" role=\"img\" aria-label=\"Pubis Liposuction ile Penis Uzatma Ameliyat\u0131\"><\/div>\n\t\t\t\t<div class=\"elementor-cta__bg-overlay\"><\/div>\n\t\t\t<\/div>\n\t\t\t\t\t\t\t<div class=\"elementor-cta__content\">\n\t\t\t\t\n\t\t\t\t\t\t\t\t\t<h2 class=\"elementor-cta__title elementor-cta__content-item elementor-content-item\">\n\t\t\t\t\t\tPenis Extension\t\t\t\t\t<\/h2>\n\t\t\t\t\n\t\t\t\t\t\t\t\t\t<div class=\"elementor-cta__description elementor-cta__content-item elementor-content-item\">\n\t\t\t\t\t\t<p>This technique, which increases penis length, is one of the primary genital aesthetic applications.<\/p>\n\t\t\t\t\t<\/div>\n\t\t\t\t\n\t\t\t\t\t\t\t<\/div>\n\t\t\t\t\t\t<\/a>\n\t\t\t\t<\/div>\n\t\t\t\t<\/div>\n\t\t\t\t<\/div>\n\t\t<div class=\"elementor-element elementor-element-739cb0c e-con-full e-flex wpr-particle-no wpr-jarallax-no wpr-parallax-no wpr-sticky-section-no wpr-equal-height-no e-con e-child\" data-id=\"739cb0c\" data-element_type=\"container\">\n\t\t\t\t<div class=\"elementor-element elementor-element-1953651 elementor-cta--tablet-layout-image-above elementor-cta--mobile-layout-image-left elementor-cta--valign-middle elementor-cta--skin-classic elementor-animated-content elementor-widget elementor-widget-call-to-action\" data-id=\"1953651\" data-element_type=\"widget\" data-widget_type=\"call-to-action.default\">\n\t\t\t\t<div class=\"elementor-widget-container\">\n\t\t\t\t\t<a class=\"elementor-cta\" href=\"https:\/\/www.cemozluk.com\/penis-protezi-ameliyati\/\">\n\t\t\t\t\t<div class=\"elementor-cta__bg-wrapper\">\n\t\t\t\t<div class=\"elementor-cta__bg elementor-bg\" style=\"background-image: url(https:\/\/www.cemozluk.com\/wp-content\/uploads\/2024\/03\/penis-protezi.webp);\" role=\"img\" aria-label=\"penis-protezi\"><\/div>\n\t\t\t\t<div class=\"elementor-cta__bg-overlay\"><\/div>\n\t\t\t<\/div>\n\t\t\t\t\t\t\t<div class=\"elementor-cta__content\">\n\t\t\t\t\n\t\t\t\t\t\t\t\t\t<h2 class=\"elementor-cta__title elementor-cta__content-item elementor-content-item\">\n\t\t\t\t\t\tPenile Prosthesis\t\t\t\t\t<\/h2>\n\t\t\t\t\n\t\t\t\t\t\t\t\t\t<div class=\"elementor-cta__description elementor-cta__content-item elementor-content-item\">\n\t\t\t\t\t\t<p>The success rate is quite high. Commonly used implants are semi-rigid, silicone type, and inflatable and hydrophilic.<\/p>\n\t\t\t\t\t<\/div>\n\t\t\t\t\n\t\t\t\t\t\t\t<\/div>\n\t\t\t\t\t\t<\/a>\n\t\t\t\t<\/div>\n\t\t\t\t<\/div>\n\t\t\t\t<\/div>\n\t\t<div class=\"elementor-element elementor-element-8772737 e-con-full e-flex wpr-particle-no wpr-jarallax-no wpr-parallax-no wpr-sticky-section-no wpr-equal-height-no e-con e-child\" data-id=\"8772737\" data-element_type=\"container\">\n\t\t\t\t<div class=\"elementor-element elementor-element-316bf51 elementor-cta--tablet-layout-image-above elementor-cta--mobile-layout-image-left elementor-cta--valign-middle elementor-cta--skin-classic elementor-animated-content elementor-widget elementor-widget-call-to-action\" data-id=\"316bf51\" data-element_type=\"widget\" data-widget_type=\"call-to-action.default\">\n\t\t\t\t<div class=\"elementor-widget-container\">\n\t\t\t\t\t<a class=\"elementor-cta\" href=\"https:\/\/www.cemozluk.com\/sunnet-ve-sunnet-hatalari\/\">\n\t\t\t\t\t<div class=\"elementor-cta__bg-wrapper\">\n\t\t\t\t<div class=\"elementor-cta__bg elementor-bg\" style=\"background-image: url(https:\/\/www.cemozluk.com\/wp-content\/uploads\/2024\/03\/Sunnet-ve-Sunnet-Hatalari.webp);\" role=\"img\" aria-label=\"S\u00fcnnet ve S\u00fcnnet Hatalar\u0131\"><\/div>\n\t\t\t\t<div class=\"elementor-cta__bg-overlay\"><\/div>\n\t\t\t<\/div>\n\t\t\t\t\t\t\t<div class=\"elementor-cta__content\">\n\t\t\t\t\n\t\t\t\t\t\t\t\t\t<h2 class=\"elementor-cta__title elementor-cta__content-item elementor-content-item\">\n\t\t\t\t\t\tCircumcision\t\t\t\t\t<\/h2>\n\t\t\t\t\n\t\t\t\t\t\t\t\t\t<div class=\"elementor-cta__description elementor-cta__content-item elementor-content-item\">\n\t\t\t\t\t\t<p>Medically, it is an operation performed by removing the prepuce skin, which is the tip of the penis, in a certain shape and length.<\/p>\n\t\t\t\t\t<\/div>\n\t\t\t\t\n\t\t\t\t\t\t\t<\/div>\n\t\t\t\t\t\t<\/a>\n\t\t\t\t<\/div>\n\t\t\t\t<\/div>\n\t\t\t\t<\/div>\n\t\t<div class=\"elementor-element elementor-element-3036372 e-con-full e-flex wpr-particle-no wpr-jarallax-no wpr-parallax-no wpr-sticky-section-no wpr-equal-height-no e-con e-child\" data-id=\"3036372\" data-element_type=\"container\">\n\t\t\t\t<div class=\"elementor-element elementor-element-343da5f elementor-cta--tablet-layout-image-above elementor-cta--mobile-layout-image-left elementor-cta--valign-middle elementor-cta--skin-classic elementor-animated-content elementor-widget elementor-widget-call-to-action\" data-id=\"343da5f\" data-element_type=\"widget\" data-widget_type=\"call-to-action.default\">\n\t\t\t\t<div class=\"elementor-widget-container\">\n\t\t\t\t\t<a class=\"elementor-cta\" href=\"https:\/\/www.cemozluk.com\/peygamber-sunneti\/\">\n\t\t\t\t\t<div class=\"elementor-cta__bg-wrapper\">\n\t\t\t\t<div class=\"elementor-cta__bg elementor-bg\" style=\"background-image: url(https:\/\/www.cemozluk.com\/wp-content\/uploads\/2024\/03\/peygamber-sunneti.webp);\" role=\"img\" aria-label=\"peygamber-sunneti\"><\/div>\n\t\t\t\t<div class=\"elementor-cta__bg-overlay\"><\/div>\n\t\t\t<\/div>\n\t\t\t\t\t\t\t<div class=\"elementor-cta__content\">\n\t\t\t\t\n\t\t\t\t\t\t\t\t\t<h2 class=\"elementor-cta__title elementor-cta__content-item elementor-content-item\">\n\t\t\t\t\t\tSunnah of the Prophet\t\t\t\t\t<\/h2>\n\t\t\t\t\n\t\t\t\t\t\t\t\t\t<div class=\"elementor-cta__description elementor-cta__content-item elementor-content-item\">\n\t\t\t\t\t\t<p>Prophet circumcision, which doubled from the 1970s to the 1990s, is a problem known as hypospadias.<\/p>\n\t\t\t\t\t<\/div>\n\t\t\t\t\n\t\t\t\t\t\t\t<\/div>\n\t\t\t\t\t\t<\/a>\n\t\t\t\t<\/div>\n\t\t\t\t<\/div>\n\t\t\t\t<\/div>\n\t\t\t\t\t<\/div>\n\t\t\t\t<\/div>\n\t\t\t\t<\/div>\n\t\t","protected":false},"excerpt":{"rendered":"<p>Penis Enlargement It is an operation preferred by men who find their penis length or thickness inadequate during erection. Penis Thickening It is a modern medical operation performed painlessly and without a period of rest. Penis Curvature Penile curvature, which causes difficulty during sexual intercourse, is corrected by surgical operations. Penis Filler It is one of the non-surgical penis aesthetics. It helps increase penis length and penis thickness. Penis Filling It is a method performed with a simple injection procedure and has a high success rate. Penis Extension This technique, which increases penis length, is one of the primary genital aesthetic applications. Penile Prosthesis The success rate is quite high. Commonly used implants are semi-rigid, silicone type, and inflatable and hydrophilic. Circumcision Medically, it is an operation performed by removing the prepuce skin, which is the tip of the penis, in a certain shape and length. Sunnah of the Prophet Prophet circumcision, which doubled from the 1970s to the 1990s, is a problem known as hypospadias.<\/p>\n","protected":false},"author":1,"featured_media":0,"parent":17859,"menu_order":0,"comment_status":"closed","ping_status":"closed","template":"elementor_header_footer","meta":{"footnotes":""},"class_list":["post-17871","page","type-page","status-publish","hentry"],"_links":{"self":[{"href":"https:\/\/www.cemozluk.com\/en\/wp-json\/wp\/v2\/pages\/17871","targetHints":{"allow":["GET"]}}],"collection":[{"href":"https:\/\/www.cemozluk.com\/en\/wp-json\/wp\/v2\/pages"}],"about":[{"href":"https:\/\/www.cemozluk.com\/en\/wp-json\/wp\/v2\/types\/page"}],"author":[{"embeddable":true,"href":"https:\/\/www.cemozluk.com\/en\/wp-json\/wp\/v2\/users\/1"}],"replies":[{"embeddable":true,"href":"https:\/\/www.cemozluk.com\/en\/wp-json\/wp\/v2\/comments?post=17871"}],"version-history":[{"count":0,"href":"https:\/\/www.cemozluk.com\/en\/wp-json\/wp\/v2\/pages\/17871\/revisions"}],"up":[{"embeddable":true,"href":"https:\/\/www.cemozluk.com\/en\/wp-json\/wp\/v2\/pages\/17859"}],"wp:attachment":[{"href":"https:\/\/www.cemozluk.com\/en\/wp-json\/wp\/v2\/media?parent=17871"}],"curies":[{"name":"wp","href":"https:\/\/api.w.org\/{rel}","templated":true}]}}