{"id":17905,"date":"2024-03-13T09:07:17","date_gmt":"2024-03-13T06:07:17","guid":{"rendered":"https:\/\/cemozluk.com\/about-us\/"},"modified":"2026-05-10T21:34:34","modified_gmt":"2026-05-10T18:34:34","slug":"about-us","status":"publish","type":"page","link":"https:\/\/www.cemozluk.com\/en\/about-us\/","title":{"rendered":"About Us"},"content":{"rendered":"\t\t<div data-elementor-type=\"wp-page\" data-elementor-id=\"17905\" class=\"elementor elementor-17905\" data-elementor-post-type=\"page\">\n\t\t\t\t<div class=\"elementor-element elementor-element-43cc63f e-flex e-con-boxed wpr-particle-no wpr-jarallax-no wpr-parallax-no wpr-sticky-section-no wpr-equal-height-no e-con e-parent\" data-id=\"43cc63f\" data-element_type=\"container\" data-settings=\"{&quot;background_background&quot;:&quot;classic&quot;}\">\n\t\t\t\t\t<div class=\"e-con-inner\">\n\t\t\t\t<div class=\"elementor-element elementor-element-d36e420 elementor-widget elementor-widget-heading\" data-id=\"d36e420\" data-element_type=\"widget\" data-widget_type=\"heading.default\">\n\t\t\t\t<div class=\"elementor-widget-container\">\n\t\t\t<h1 class=\"elementor-heading-title elementor-size-default\">About Dr. Cem \u00d6zl\u00fck MD.<\/h1>\t\t<\/div>\n\t\t\t\t<\/div>\n\t\t\t\t\t<\/div>\n\t\t\t\t<\/div>\n\t\t<div class=\"elementor-element elementor-element-4ec34bb e-flex e-con-boxed wpr-particle-no wpr-jarallax-no wpr-parallax-no wpr-sticky-section-no wpr-equal-height-no e-con e-parent\" data-id=\"4ec34bb\" data-element_type=\"container\">\n\t\t\t\t\t<div class=\"e-con-inner\">\n\t\t<div class=\"elementor-element elementor-element-d0c6e94 e-con-full e-flex wpr-particle-no wpr-jarallax-no wpr-parallax-no wpr-sticky-section-no wpr-equal-height-no e-con e-child\" data-id=\"d0c6e94\" data-element_type=\"container\">\n\t\t\t\t<div class=\"elementor-element elementor-element-872a869 elementor-widget elementor-widget-image\" data-id=\"872a869\" data-element_type=\"widget\" data-widget_type=\"image.default\">\n\t\t\t\t<div class=\"elementor-widget-container\">\n\t\t\t\t\t\t\t\t\t\t\t\t\t<img fetchpriority=\"high\" decoding=\"async\" width=\"550\" height=\"367\" src=\"https:\/\/www.cemozluk.com\/wp-content\/uploads\/2024\/03\/Beyaz-Op.-Dr.-Cem-Ozluk.webp\" class=\"attachment-full size-full wp-image-575\" alt=\"\" srcset=\"https:\/\/www.cemozluk.com\/wp-content\/uploads\/2024\/03\/Beyaz-Op.-Dr.-Cem-Ozluk.webp 550w, https:\/\/www.cemozluk.com\/wp-content\/uploads\/2024\/03\/Beyaz-Op.-Dr.-Cem-Ozluk-300x200.webp 300w\" sizes=\"(max-width: 550px) 100vw, 550px\" \/>\t\t\t\t\t\t\t\t\t\t\t\t\t<\/div>\n\t\t\t\t<\/div>\n\t\t\t\t<\/div>\n\t\t<div class=\"elementor-element elementor-element-be26024 e-con-full e-flex wpr-particle-no wpr-jarallax-no wpr-parallax-no wpr-sticky-section-no wpr-equal-height-no e-con e-child\" data-id=\"be26024\" data-element_type=\"container\">\n\t\t\t\t<div class=\"elementor-element elementor-element-7e08ba9 elementor-widget elementor-widget-heading\" data-id=\"7e08ba9\" data-element_type=\"widget\" data-widget_type=\"heading.default\">\n\t\t\t\t<div class=\"elementor-widget-container\">\n\t\t\t<h2 class=\"elementor-heading-title elementor-size-default\">Professional Summary<\/h2>\t\t<\/div>\n\t\t\t\t<\/div>\n\t\t\t\t<div class=\"elementor-element elementor-element-465f63f elementor-widget elementor-widget-text-editor\" data-id=\"465f63f\" data-element_type=\"widget\" data-widget_type=\"text-editor.default\">\n\t\t\t\t<div class=\"elementor-widget-container\">\n\t\t\t\t\t\t\t<p class=\"p1\">Dr. Cem Ozluk is a board-certified Urologist and an internationally recognized expert in genital aesthetic surgery, sexual health, and reconstructive urological procedures. With over 13,000 patients treated in penis augmentation, gender reassignment surgery, orchiectomy, and sexual dysfunction treatments, Dr. Ozluk combines advanced surgical skills with a patient-focused approach.<\/p><p class=\"p3\">His areas of focus include cosmetic urology, penile functional and aesthetic surgery, and comprehensive care for sexual health issues.<\/p>\t\t\t\t\t\t<\/div>\n\t\t\t\t<\/div>\n\t\t\t\t<div class=\"elementor-element elementor-element-8f06876 elementor-widget elementor-widget-heading\" data-id=\"8f06876\" data-element_type=\"widget\" data-widget_type=\"heading.default\">\n\t\t\t\t<div class=\"elementor-widget-container\">\n\t\t\t<h2 class=\"elementor-heading-title elementor-size-default\">Mandatory Service and Achievements<\/h2>\t\t<\/div>\n\t\t\t\t<\/div>\n\t\t\t\t<div class=\"elementor-element elementor-element-92a87ad elementor-widget elementor-widget-text-editor\" data-id=\"92a87ad\" data-element_type=\"widget\" data-widget_type=\"text-editor.default\">\n\t\t\t\t<div class=\"elementor-widget-container\">\n\t\t\t\t\t\t\t<p>During my military service in \u015e\u0131rnak, I performed over 1,500 surgical procedures and was awarded a Distinguished Service Certificate in recognition of my contributions. This period was instrumental in developing my surgical expertise, particularly in minimally invasive techniques. Notably, I successfully performed laparoscopic nephrectomies on four patients, gaining valuable hands-on experience in the removal of cancerous or non-functioning kidneys using laparoscopic methods.<\/p>\t\t\t\t\t\t<\/div>\n\t\t\t\t<\/div>\n\t\t\t\t<\/div>\n\t\t\t\t\t<\/div>\n\t\t\t\t<\/div>\n\t\t<div class=\"elementor-element elementor-element-ba4cac9 e-flex e-con-boxed wpr-particle-no wpr-jarallax-no wpr-parallax-no wpr-sticky-section-no wpr-equal-height-no e-con e-parent\" data-id=\"ba4cac9\" data-element_type=\"container\" data-settings=\"{&quot;background_background&quot;:&quot;classic&quot;}\">\n\t\t\t\t\t<div class=\"e-con-inner\">\n\t\t<div class=\"elementor-element elementor-element-bb6c6ef e-con-full e-flex wpr-particle-no wpr-jarallax-no wpr-parallax-no wpr-sticky-section-no wpr-equal-height-no e-con e-child\" data-id=\"bb6c6ef\" data-element_type=\"container\">\n\t\t\t\t<div class=\"elementor-element elementor-element-41fea44 elementor-widget elementor-widget-heading\" data-id=\"41fea44\" data-element_type=\"widget\" data-widget_type=\"heading.default\">\n\t\t\t\t<div class=\"elementor-widget-container\">\n\t\t\t<h2 class=\"elementor-heading-title elementor-size-default\">International Education<\/h2>\t\t<\/div>\n\t\t\t\t<\/div>\n\t\t\t\t<div class=\"elementor-element elementor-element-dc7fd44 elementor-widget elementor-widget-text-editor\" data-id=\"dc7fd44\" data-element_type=\"widget\" data-widget_type=\"text-editor.default\">\n\t\t\t\t<div class=\"elementor-widget-container\">\n\t\t\t\t\t\t\t<p>I have participated in over 200 plastic and genital aesthetic surgeries across Europe and the United States, gaining hands-on experience in diverse clinical environments. During this time, I received advanced training in cutting-edge techniques in both cosmetic and functional urology. My expertise has led to consistently high success and patient satisfaction rates in procedures such as Vaginoplasty, Perineoplasty, and Penis Surgeries.<\/p>\t\t\t\t\t\t<\/div>\n\t\t\t\t<\/div>\n\t\t\t\t<div class=\"elementor-element elementor-element-725601d elementor-widget elementor-widget-heading\" data-id=\"725601d\" data-element_type=\"widget\" data-widget_type=\"heading.default\">\n\t\t\t\t<div class=\"elementor-widget-container\">\n\t\t\t<h2 class=\"elementor-heading-title elementor-size-default\">Treatment Approaches<\/h2>\t\t<\/div>\n\t\t\t\t<\/div>\n\t\t\t\t<div class=\"elementor-element elementor-element-f82178a elementor-widget elementor-widget-text-editor\" data-id=\"f82178a\" data-element_type=\"widget\" data-widget_type=\"text-editor.default\">\n\t\t\t\t<div class=\"elementor-widget-container\">\n\t\t\t\t\t\t\t<p>I specialize in both aesthetic and functional penile surgeries. My aesthetic procedures include penile lengthening, thickening, and shaping, tailored to meet individual patient goals. In addition, I perform functional surgeries focused on Correction, Reconstruction, and Performance Enhancement, ensuring both structural and functional improvements.<\/p>\t\t\t\t\t\t<\/div>\n\t\t\t\t<\/div>\n\t\t\t\t<\/div>\n\t\t<div class=\"elementor-element elementor-element-1f0b387 e-con-full e-flex wpr-particle-no wpr-jarallax-no wpr-parallax-no wpr-sticky-section-no wpr-equal-height-no e-con e-child\" data-id=\"1f0b387\" data-element_type=\"container\">\n\t\t\t\t<div class=\"elementor-element elementor-element-de0ee2f elementor-widget elementor-widget-image\" data-id=\"de0ee2f\" data-element_type=\"widget\" data-widget_type=\"image.default\">\n\t\t\t\t<div class=\"elementor-widget-container\">\n\t\t\t\t\t\t\t\t\t\t\t\t\t<img decoding=\"async\" width=\"550\" height=\"367\" src=\"https:\/\/www.cemozluk.com\/wp-content\/uploads\/2024\/03\/Op.-Dr.-Cem-Ozluk-Ameliyat-2.webp\" class=\"attachment-full size-full wp-image-574\" alt=\"Penis Kal\u0131nla\u015ft\u0131rma Ameliyat\u0131 Olanlar\" srcset=\"https:\/\/www.cemozluk.com\/wp-content\/uploads\/2024\/03\/Op.-Dr.-Cem-Ozluk-Ameliyat-2.webp 550w, https:\/\/www.cemozluk.com\/wp-content\/uploads\/2024\/03\/Op.-Dr.-Cem-Ozluk-Ameliyat-2-300x200.webp 300w\" sizes=\"(max-width: 550px) 100vw, 550px\" \/>\t\t\t\t\t\t\t\t\t\t\t\t\t<\/div>\n\t\t\t\t<\/div>\n\t\t\t\t<\/div>\n\t\t\t\t\t<\/div>\n\t\t\t\t<\/div>\n\t\t<div class=\"elementor-element elementor-element-df989d7 e-flex e-con-boxed wpr-particle-no wpr-jarallax-no wpr-parallax-no wpr-sticky-section-no wpr-equal-height-no e-con e-parent\" data-id=\"df989d7\" data-element_type=\"container\">\n\t\t\t\t\t<div class=\"e-con-inner\">\n\t\t<div class=\"elementor-element elementor-element-10d6afb e-con-full e-flex wpr-particle-no wpr-jarallax-no wpr-parallax-no wpr-sticky-section-no wpr-equal-height-no e-con e-child\" data-id=\"10d6afb\" data-element_type=\"container\">\n\t\t\t\t<div class=\"elementor-element elementor-element-83028c2 elementor-widget elementor-widget-image\" data-id=\"83028c2\" data-element_type=\"widget\" data-widget_type=\"image.default\">\n\t\t\t\t<div class=\"elementor-widget-container\">\n\t\t\t\t\t\t\t\t\t\t\t\t\t<img decoding=\"async\" width=\"570\" height=\"380\" src=\"https:\/\/www.cemozluk.com\/wp-content\/uploads\/2026\/05\/Op.-Dr.-Cem-Ozluk-1.webp\" class=\"attachment-full size-full wp-image-27116\" alt=\"\" srcset=\"https:\/\/www.cemozluk.com\/wp-content\/uploads\/2026\/05\/Op.-Dr.-Cem-Ozluk-1.webp 570w, https:\/\/www.cemozluk.com\/wp-content\/uploads\/2026\/05\/Op.-Dr.-Cem-Ozluk-1-300x200.webp 300w\" sizes=\"(max-width: 570px) 100vw, 570px\" \/>\t\t\t\t\t\t\t\t\t\t\t\t\t<\/div>\n\t\t\t\t<\/div>\n\t\t\t\t<\/div>\n\t\t<div class=\"elementor-element elementor-element-2270236 e-con-full e-flex wpr-particle-no wpr-jarallax-no wpr-parallax-no wpr-sticky-section-no wpr-equal-height-no e-con e-child\" data-id=\"2270236\" data-element_type=\"container\">\n\t\t\t\t<div class=\"elementor-element elementor-element-ca7cf6d elementor-widget elementor-widget-heading\" data-id=\"ca7cf6d\" data-element_type=\"widget\" data-widget_type=\"heading.default\">\n\t\t\t\t<div class=\"elementor-widget-container\">\n\t\t\t<h2 class=\"elementor-heading-title elementor-size-default\">Sexual Health and Therapy<\/h2>\t\t<\/div>\n\t\t\t\t<\/div>\n\t\t\t\t<div class=\"elementor-element elementor-element-7c911f2 elementor-widget elementor-widget-text-editor\" data-id=\"7c911f2\" data-element_type=\"widget\" data-widget_type=\"text-editor.default\">\n\t\t\t\t<div class=\"elementor-widget-container\">\n\t\t\t\t\t\t\t<p>I specialize in sexual dysfunctions and work in this field on national and international platforms. We successfully apply sexual therapy and surgical procedures in treatment.<\/p>\n\t\t\t\t\t\t<\/div>\n\t\t\t\t<\/div>\n\t\t\t\t<div class=\"elementor-element elementor-element-4e1889f elementor-widget elementor-widget-heading\" data-id=\"4e1889f\" data-element_type=\"widget\" data-widget_type=\"heading.default\">\n\t\t\t\t<div class=\"elementor-widget-container\">\n\t\t\t<h2 class=\"elementor-heading-title elementor-size-default\">Memberships and Participations<\/h2>\t\t<\/div>\n\t\t\t\t<\/div>\n\t\t\t\t<div class=\"elementor-element elementor-element-7ba2b89 elementor-widget elementor-widget-text-editor\" data-id=\"7ba2b89\" data-element_type=\"widget\" data-widget_type=\"text-editor.default\">\n\t\t\t\t<div class=\"elementor-widget-container\">\n\t\t\t\t\t\t\t<p>I have active memberships in associations such as ESSM (European Society for Sexual Medicine), EFS (European Federation of Sexology), IAP (International Academy of Penoplasty), TAD (Turkish Andrology Association), C\u0130SED (Sexual Health Institute Association).<\/p>\n\t\t\t\t\t\t<\/div>\n\t\t\t\t<\/div>\n\t\t\t\t<\/div>\n\t\t\t\t\t<\/div>\n\t\t\t\t<\/div>\n\t\t<div class=\"elementor-element elementor-element-9ddf1c4 e-flex e-con-boxed wpr-particle-no wpr-jarallax-no wpr-parallax-no wpr-sticky-section-no wpr-equal-height-no e-con e-parent\" data-id=\"9ddf1c4\" data-element_type=\"container\">\n\t\t\t\t\t<div class=\"e-con-inner\">\n\t\t\t\t<div class=\"elementor-element elementor-element-415732b elementor-widget__width-initial elementor-widget elementor-widget-video\" data-id=\"415732b\" data-element_type=\"widget\" data-settings=\"{&quot;youtube_url&quot;:&quot;https:\\\/\\\/www.youtube.com\\\/watch?v=9Hxp5Cqeljs&quot;,&quot;video_type&quot;:&quot;youtube&quot;,&quot;controls&quot;:&quot;yes&quot;}\" data-widget_type=\"video.default\">\n\t\t\t\t<div class=\"elementor-widget-container\">\n\t\t\t\t\t<div class=\"elementor-wrapper elementor-open-inline\">\n\t\t\t<div class=\"elementor-video\"><\/div>\t\t<\/div>\n\t\t\t\t<\/div>\n\t\t\t\t<\/div>\n\t\t\t\t\t<\/div>\n\t\t\t\t<\/div>\n\t\t<div class=\"elementor-element elementor-element-4dddd12 e-flex e-con-boxed wpr-particle-no wpr-jarallax-no wpr-parallax-no wpr-sticky-section-no wpr-equal-height-no e-con e-parent\" data-id=\"4dddd12\" data-element_type=\"container\">\n\t\t\t\t\t<div class=\"e-con-inner\">\n\t\t\t\t<div class=\"elementor-element elementor-element-0a16ac0 elementor-widget__width-initial elementor-widget elementor-widget-video\" data-id=\"0a16ac0\" data-element_type=\"widget\" data-settings=\"{&quot;youtube_url&quot;:&quot;https:\\\/\\\/www.youtube.com\\\/watch?v=SSESnS_jPqM&amp;t=23s&quot;,&quot;video_type&quot;:&quot;youtube&quot;,&quot;controls&quot;:&quot;yes&quot;}\" data-widget_type=\"video.default\">\n\t\t\t\t<div class=\"elementor-widget-container\">\n\t\t\t\t\t<div class=\"elementor-wrapper elementor-open-inline\">\n\t\t\t<div class=\"elementor-video\"><\/div>\t\t<\/div>\n\t\t\t\t<\/div>\n\t\t\t\t<\/div>\n\t\t\t\t\t<\/div>\n\t\t\t\t<\/div>\n\t\t\t\t<\/div>\n\t\t","protected":false},"excerpt":{"rendered":"<p>About Dr. Cem \u00d6zl\u00fck MD. Professional Summary Dr. Cem Ozluk is a board-certified Urologist and an internationally recognized expert in genital aesthetic surgery, sexual health, and reconstructive urological procedures. With over 13,000 patients treated in penis augmentation, gender reassignment surgery, orchiectomy, and sexual dysfunction treatments, Dr. Ozluk combines advanced surgical skills with a patient-focused approach. His areas of focus include cosmetic urology, penile functional and aesthetic surgery, and comprehensive care for sexual health issues. Mandatory Service and Achievements During my military service in \u015e\u0131rnak, I performed over 1,500 surgical procedures and was awarded a Distinguished Service Certificate in recognition of my contributions. This period was instrumental in developing my surgical expertise, particularly in minimally invasive techniques. Notably, I successfully performed laparoscopic nephrectomies on four patients, gaining valuable hands-on experience in the removal of cancerous or non-functioning kidneys using laparoscopic methods. International Education I have participated in over 200 plastic and genital aesthetic surgeries across Europe and the United States, gaining hands-on experience in diverse clinical environments. During this time, I received advanced training in cutting-edge techniques in both cosmetic and functional urology. My expertise has led to consistently high success and patient satisfaction rates in procedures such as Vaginoplasty, Perineoplasty, and Penis Surgeries. Treatment Approaches I specialize in both aesthetic and functional penile surgeries. My aesthetic procedures include penile lengthening, thickening, and shaping, tailored to meet individual patient goals. In addition, I perform functional surgeries focused on Correction, Reconstruction, and Performance Enhancement, ensuring both structural and functional improvements. Sexual Health and Therapy I specialize in sexual dysfunctions and work in this field on national and international platforms. We successfully apply sexual therapy and surgical procedures in treatment. Memberships and Participations I have active memberships in associations such as ESSM (European Society for Sexual Medicine), EFS (European Federation of Sexology), IAP (International Academy of Penoplasty), TAD (Turkish Andrology Association), C\u0130SED (Sexual Health Institute Association). https:\/\/www.youtube.com\/watch?v=9Hxp5Cqeljshttps:\/\/www.youtube.com\/watch?v=SSESnS_jPqM&#038;t=23s<\/p>\n","protected":false},"author":1,"featured_media":0,"parent":0,"menu_order":0,"comment_status":"closed","ping_status":"closed","template":"elementor_header_footer","meta":{"footnotes":""},"class_list":["post-17905","page","type-page","status-publish","hentry"],"_links":{"self":[{"href":"https:\/\/www.cemozluk.com\/en\/wp-json\/wp\/v2\/pages\/17905","targetHints":{"allow":["GET"]}}],"collection":[{"href":"https:\/\/www.cemozluk.com\/en\/wp-json\/wp\/v2\/pages"}],"about":[{"href":"https:\/\/www.cemozluk.com\/en\/wp-json\/wp\/v2\/types\/page"}],"author":[{"embeddable":true,"href":"https:\/\/www.cemozluk.com\/en\/wp-json\/wp\/v2\/users\/1"}],"replies":[{"embeddable":true,"href":"https:\/\/www.cemozluk.com\/en\/wp-json\/wp\/v2\/comments?post=17905"}],"version-history":[{"count":0,"href":"https:\/\/www.cemozluk.com\/en\/wp-json\/wp\/v2\/pages\/17905\/revisions"}],"wp:attachment":[{"href":"https:\/\/www.cemozluk.com\/en\/wp-json\/wp\/v2\/media?parent=17905"}],"curies":[{"name":"wp","href":"https:\/\/api.w.org\/{rel}","templated":true}]}}